{"id":3103,"date":"2024-12-05T02:50:41","date_gmt":"2024-12-05T02:50:41","guid":{"rendered":"https:\/\/gpt-renewables.com\/?page_id=3103"},"modified":"2026-04-15T14:10:37","modified_gmt":"2026-04-15T13:10:37","slug":"a-solucao-power-box","status":"publish","type":"page","link":"https:\/\/gpt-renewables.com\/pt\/the-power-box-solution\/","title":{"rendered":"A PowerBox"},"content":{"rendered":"<div data-elementor-type=\"wp-page\" data-elementor-id=\"3103\" class=\"elementor elementor-3103\" data-elementor-settings=\"{&quot;element_pack_global_tooltip_width&quot;:{&quot;unit&quot;:&quot;px&quot;,&quot;size&quot;:&quot;&quot;,&quot;sizes&quot;:[]},&quot;element_pack_global_tooltip_width_tablet&quot;:{&quot;unit&quot;:&quot;px&quot;,&quot;size&quot;:&quot;&quot;,&quot;sizes&quot;:[]},&quot;element_pack_global_tooltip_width_mobile&quot;:{&quot;unit&quot;:&quot;px&quot;,&quot;size&quot;:&quot;&quot;,&quot;sizes&quot;:[]},&quot;element_pack_global_tooltip_padding&quot;:{&quot;unit&quot;:&quot;px&quot;,&quot;top&quot;:&quot;&quot;,&quot;right&quot;:&quot;&quot;,&quot;bottom&quot;:&quot;&quot;,&quot;left&quot;:&quot;&quot;,&quot;isLinked&quot;:true},&quot;element_pack_global_tooltip_padding_tablet&quot;:{&quot;unit&quot;:&quot;px&quot;,&quot;top&quot;:&quot;&quot;,&quot;right&quot;:&quot;&quot;,&quot;bottom&quot;:&quot;&quot;,&quot;left&quot;:&quot;&quot;,&quot;isLinked&quot;:true},&quot;element_pack_global_tooltip_padding_mobile&quot;:{&quot;unit&quot;:&quot;px&quot;,&quot;top&quot;:&quot;&quot;,&quot;right&quot;:&quot;&quot;,&quot;bottom&quot;:&quot;&quot;,&quot;left&quot;:&quot;&quot;,&quot;isLinked&quot;:true},&quot;element_pack_global_tooltip_border_radius&quot;:{&quot;unit&quot;:&quot;px&quot;,&quot;top&quot;:&quot;&quot;,&quot;right&quot;:&quot;&quot;,&quot;bottom&quot;:&quot;&quot;,&quot;left&quot;:&quot;&quot;,&quot;isLinked&quot;:true},&quot;element_pack_global_tooltip_border_radius_tablet&quot;:{&quot;unit&quot;:&quot;px&quot;,&quot;top&quot;:&quot;&quot;,&quot;right&quot;:&quot;&quot;,&quot;bottom&quot;:&quot;&quot;,&quot;left&quot;:&quot;&quot;,&quot;isLinked&quot;:true},&quot;element_pack_global_tooltip_border_radius_mobile&quot;:{&quot;unit&quot;:&quot;px&quot;,&quot;top&quot;:&quot;&quot;,&quot;right&quot;:&quot;&quot;,&quot;bottom&quot;:&quot;&quot;,&quot;left&quot;:&quot;&quot;,&quot;isLinked&quot;:true}}\" data-elementor-post-type=\"page\">\n\t\t\t\t<div data-particle_enable=\"false\" data-particle-mobile-disabled=\"false\" class=\"elementor-element elementor-element-ce7f873 e-flex e-con-boxed e-con e-parent\" data-id=\"ce7f873\" data-element_type=\"container\" data-e-type=\"container\">\n\t\t\t\t\t<div class=\"e-con-inner\">\n\t\t\t\t<div class=\"elementor-element elementor-element-957b26f elementor-widget elementor-widget-bdt-breadcrumbs\" data-id=\"957b26f\" data-element_type=\"widget\" data-e-type=\"widget\" data-widget_type=\"bdt-breadcrumbs.default\">\n\t\t\t\t<div class=\"elementor-widget-container\">\n\t\t\t\t\t<div class='bdt-ep-breadcrumbs-wrapper'><ul class=\"bdt-ep-breadcrumb breadcrumb-align-left\"><li><a href=\"https:\/\/gpt-renewables.com\/pt\/\">Tecnologias de energia verde<\/a><\/li>\n<li><span> P\u00e1gina<\/span><\/li>\n<\/ul><\/div>\t\t\t\t<\/div>\n\t\t\t\t<\/div>\n\t\t\t\t\t<\/div>\n\t\t\t\t<\/div>\n\t\t<div data-particle_enable=\"false\" data-particle-mobile-disabled=\"false\" class=\"elementor-element elementor-element-1b03049 e-flex e-con-boxed e-con e-parent\" data-id=\"1b03049\" data-element_type=\"container\" data-e-type=\"container\">\n\t\t\t\t\t<div class=\"e-con-inner\">\n\t\t<div data-particle_enable=\"false\" data-particle-mobile-disabled=\"false\" class=\"elementor-element elementor-element-1b212d8 e-con-full e-flex e-con e-child\" data-id=\"1b212d8\" data-element_type=\"container\" data-e-type=\"container\">\n\t\t\t\t<div class=\"elementor-element elementor-element-767852c elementor-widget__width-inherit elementor-widget elementor-widget-bdt-thumb-gallery\" data-id=\"767852c\" data-element_type=\"widget\" data-e-type=\"widget\" data-widget_type=\"bdt-thumb-gallery.bdt-custom\">\n\t\t\t\t<div class=\"elementor-widget-container\">\n\t\t\t\t\t\t\t<div id=\"bdt-thumb-gallery-767852c\" class=\"bdt-thumb-gallery\">\n\t\t\t<div class=\"bdt-position-relative bdt-visible-toggle\" data-bdt-slideshow=\"{&quot;animation&quot;:&quot;slide&quot;,&quot;ratio&quot;:&quot;1:1&quot;,&quot;min-height&quot;:500,&quot;autoplay&quot;:true,&quot;autoplay-interval&quot;:7000,&quot;pause-on-hover&quot;:false,&quot;velocity&quot;:1}\">\n\t\t\t\t\t\t<ul class=\"bdt-slideshow-items\" >\n\t\t\t\t\t\t\t<li>\n\t\t\t\t\t\n\t\t\t\t\t\t<img decoding=\"async\" src=\"https:\/\/gpt-renewables.com\/wp-content\/uploads\/2024\/12\/the-power-box-image-1-front.png\" alt=\"A PowerBox\">\n\n\t\t\t\t\t\t\t\t\t\t\t<div\n\t\t\t\t\t\tclass=\"bdt-position-z-index bdt-position- bdt-position-large\">\n\n\t\t\t\t\t\t\t\t\t\t\t<\/div>\n\t\t\t\t<\/li>\n\t\t\t\t\t\t\t\t<li>\n\t\t\t\t\t\n\t\t\t\t\t\t<img decoding=\"async\" src=\"https:\/\/gpt-renewables.com\/wp-content\/uploads\/2024\/12\/the-power-box-image-3-solar-panels.png\" alt=\"A PowerBox\">\n\n\t\t\t\t\t\t\t\t\t\t\t<div\n\t\t\t\t\t\tclass=\"bdt-position-z-index bdt-position- bdt-position-large\">\n\n\t\t\t\t\t\t\t\t\t\t\t<\/div>\n\t\t\t\t<\/li>\n\t\t\t\t\t\t\t\t<li>\n\t\t\t\t\t\n\t\t\t\t\t\t<img decoding=\"async\" src=\"https:\/\/gpt-renewables.com\/wp-content\/uploads\/2024\/08\/the-power-box-image-2-open.png\" alt=\"A PowerBox\">\n\n\t\t\t\t\t\t\t\t\t\t\t<div\n\t\t\t\t\t\tclass=\"bdt-position-z-index bdt-position- bdt-position-large\">\n\n\t\t\t\t\t\t\t\t\t\t\t<\/div>\n\t\t\t\t<\/li>\n\t\t\t\t\t\t\t\t<li>\n\t\t\t\t\t\n\t\t\t\t\t\t<img decoding=\"async\" src=\"https:\/\/gpt-renewables.com\/wp-content\/uploads\/2024\/08\/the-power-box-image-4-interior.png\" alt=\"A PowerBox\">\n\n\t\t\t\t\t\t\t\t\t\t\t<div\n\t\t\t\t\t\tclass=\"bdt-position-z-index bdt-position- bdt-position-large\">\n\n\t\t\t\t\t\t\t\t\t\t\t<\/div>\n\t\t\t\t<\/li>\n\t\t\t\t\t\t<\/ul>\n\t\t\t\t<div\n\t\t\tclass=\"bdt-thumbnav-wrapper bdt-position-bottom-center bdt-position-small\">\n\t\t\t<ul class=\"bdt-thumbnav\">\n\n\t\t\t\t<li class=\"bdt-thumb-gallery-thumbnav\" data-bdt-slideshow-item=\"0\"><a class=\"bdt-overflow-hidden bdt-background-cover\" href=\"#\" style=\"background-image: url(https:\/\/gpt-renewables.com\/wp-content\/uploads\/2024\/12\/the-power-box-image-1-front-150x150.png)\"><\/a><\/li><li class=\"bdt-thumb-gallery-thumbnav\" data-bdt-slideshow-item=\"1\"><a class=\"bdt-overflow-hidden bdt-background-cover\" href=\"#\" style=\"background-image: url(https:\/\/gpt-renewables.com\/wp-content\/uploads\/2024\/12\/the-power-box-image-3-solar-panels-150x150.png)\"><\/a><\/li><li class=\"bdt-thumb-gallery-thumbnav\" data-bdt-slideshow-item=\"2\"><a class=\"bdt-overflow-hidden bdt-background-cover\" href=\"#\" style=\"background-image: url(https:\/\/gpt-renewables.com\/wp-content\/uploads\/2024\/08\/the-power-box-image-2-open-150x150.png)\"><\/a><\/li><li class=\"bdt-thumb-gallery-thumbnav\" data-bdt-slideshow-item=\"3\"><a class=\"bdt-overflow-hidden bdt-background-cover\" href=\"#\" style=\"background-image: url(https:\/\/gpt-renewables.com\/wp-content\/uploads\/2024\/08\/the-power-box-image-4-interior-150x150.png)\"><\/a><\/li>\t\t\t<\/ul>\n\t\t<\/div>\n\t\t\t\t\t<\/div>\n\t\t<\/div>\n\t\t\t\t\t\t<\/div>\n\t\t\t\t<\/div>\n\t\t\t\t<\/div>\n\t\t<div data-particle_enable=\"false\" data-particle-mobile-disabled=\"false\" class=\"elementor-element elementor-element-d510e15 e-con-full e-flex e-con e-child\" data-id=\"d510e15\" data-element_type=\"container\" data-e-type=\"container\">\n\t\t\t\t<div class=\"elementor-element elementor-element-2587830 elementor-widget elementor-widget-heading\" data-id=\"2587830\" data-element_type=\"widget\" data-e-type=\"widget\" data-widget_type=\"heading.default\">\n\t\t\t\t<div class=\"elementor-widget-container\">\n\t\t\t\t\t<h1 class=\"elementor-heading-title elementor-size-default\">A PowerBox<\/h1>\t\t\t\t<\/div>\n\t\t\t\t<\/div>\n\t\t\t\t<div class=\"elementor-element elementor-element-2e5e03b elementor-widget elementor-widget-heading\" data-id=\"2e5e03b\" data-element_type=\"widget\" data-e-type=\"widget\" data-widget_type=\"heading.default\">\n\t\t\t\t<div class=\"elementor-widget-container\">\n\t\t\t\t\t<h2 class=\"elementor-heading-title elementor-size-default\">POA<\/h2>\t\t\t\t<\/div>\n\t\t\t\t<\/div>\n\t\t\t\t<div class=\"elementor-element elementor-element-23e4685 elementor-widget elementor-widget-heading\" data-id=\"23e4685\" data-element_type=\"widget\" data-e-type=\"widget\" data-widget_type=\"heading.default\">\n\t\t\t\t<div class=\"elementor-widget-container\">\n\t\t\t\t\t<h2 class=\"elementor-heading-title elementor-size-default\">Breve descri\u00e7\u00e3o<\/h2>\t\t\t\t<\/div>\n\t\t\t\t<\/div>\n\t\t\t\t<div class=\"elementor-element elementor-element-40c55a9 elementor-widget elementor-widget-text-editor\" data-id=\"40c55a9\" data-element_type=\"widget\" data-e-type=\"widget\" data-widget_type=\"text-editor.default\">\n\t\t\t\t<div class=\"elementor-widget-container\">\n\t\t\t\t\t\t\t\t\t<p><strong>A PowerBox \u00e9 uma solu\u00e7\u00e3o de alimenta\u00e7\u00e3o remota que reduz significativamente a utiliza\u00e7\u00e3o de gas\u00f3leo, os custos e as emiss\u00f5es de carbono at\u00e9 80%<\/strong><\/p><p>Projetado para diversas aplica\u00e7\u00f5es, como locais remotos, energia de reserva e eventos, oferece flexibilidade com capacidades de 25, 50, 75 e 100 kVa. Para maiores necessidades energ\u00e9ticas, pode ser expandido com a \u2018Juice Box\u2019, adicionando 50kW de energia solar, sendo um testemunho de inova\u00e7\u00e3o em energias renov\u00e1veis.<\/p>\t\t\t\t\t\t\t\t<\/div>\n\t\t\t\t<\/div>\n\t\t\t\t<div class=\"elementor-element elementor-element-7be1a03 elementor-icon-list--layout-traditional elementor-list-item-link-full_width elementor-widget elementor-widget-icon-list\" data-id=\"7be1a03\" data-element_type=\"widget\" data-e-type=\"widget\" data-widget_type=\"icon-list.default\">\n\t\t\t\t<div class=\"elementor-widget-container\">\n\t\t\t\t\t\t\t<ul class=\"elementor-icon-list-items\">\n\t\t\t\t\t\t\t<li class=\"elementor-icon-list-item\">\n\t\t\t\t\t\t\t\t\t\t\t<span class=\"elementor-icon-list-icon\">\n\t\t\t\t\t\t\t<i aria-hidden=\"true\" class=\"fas fa-check-circle\"><\/i>\t\t\t\t\t\t<\/span>\n\t\t\t\t\t\t\t\t\t\t<span class=\"elementor-icon-list-text\"><b>Fiabilidade da energia<\/b> - Protege contra cortes de energia devido a fornecimentos de eletricidade imprevis\u00edveis ou inexistentes.<\/span>\n\t\t\t\t\t\t\t\t\t<\/li>\n\t\t\t\t\t\t\t\t<li class=\"elementor-icon-list-item\">\n\t\t\t\t\t\t\t\t\t\t\t<span class=\"elementor-icon-list-icon\">\n\t\t\t\t\t\t\t<i aria-hidden=\"true\" class=\"fas fa-check-circle\"><\/i>\t\t\t\t\t\t<\/span>\n\t\t\t\t\t\t\t\t\t\t<span class=\"elementor-icon-list-text\"><b>Efici\u00eancia de custos<\/b> - Reduz o consumo de gas\u00f3leo e de energia at\u00e9 80%, oferecendo poupan\u00e7as significativas em compara\u00e7\u00e3o com os geradores aut\u00f3nomos.<\/span>\n\t\t\t\t\t\t\t\t\t<\/li>\n\t\t\t\t\t\t\t\t<li class=\"elementor-icon-list-item\">\n\t\t\t\t\t\t\t\t\t\t\t<span class=\"elementor-icon-list-icon\">\n\t\t\t\t\t\t\t<i aria-hidden=\"true\" class=\"fas fa-check-circle\"><\/i>\t\t\t\t\t\t<\/span>\n\t\t\t\t\t\t\t\t\t\t<span class=\"elementor-icon-list-text\"><b>Design ecol\u00f3gico<\/b> - Reduz a sua pegada de CO\u2082, alinhando-se com os objectivos de sustentabilidade ambiental.<\/span>\n\t\t\t\t\t\t\t\t\t<\/li>\n\t\t\t\t\t\t\t\t<li class=\"elementor-icon-list-item\">\n\t\t\t\t\t\t\t\t\t\t\t<span class=\"elementor-icon-list-icon\">\n\t\t\t\t\t\t\t<i aria-hidden=\"true\" class=\"fas fa-check-circle\"><\/i>\t\t\t\t\t\t<\/span>\n\t\t\t\t\t\t\t\t\t\t<span class=\"elementor-icon-list-text\"><b>Manuten\u00e7\u00e3o minimizada<\/b> - Automatiza a produ\u00e7\u00e3o de energia, reduzindo os tempos de paragem e os custos de manuten\u00e7\u00e3o.<\/span>\n\t\t\t\t\t\t\t\t\t<\/li>\n\t\t\t\t\t\t\t\t<li class=\"elementor-icon-list-item\">\n\t\t\t\t\t\t\t\t\t\t\t<span class=\"elementor-icon-list-icon\">\n\t\t\t\t\t\t\t<i aria-hidden=\"true\" class=\"fas fa-check-circle\"><\/i>\t\t\t\t\t\t<\/span>\n\t\t\t\t\t\t\t\t\t\t<span class=\"elementor-icon-list-text\"><b>Conformidade e apoio<\/b> - Simplifica o alinhamento com os objectivos ESG atrav\u00e9s de uma redu\u00e7\u00e3o significativa de gas\u00f3leo, minimizando a depend\u00eancia de energia de rede dispendiosa e pouco fi\u00e1vel.<\/span>\n\t\t\t\t\t\t\t\t\t<\/li>\n\t\t\t\t\t\t<\/ul>\n\t\t\t\t\t\t<\/div>\n\t\t\t\t<\/div>\n\t\t\t\t<div class=\"elementor-element elementor-element-d00dbed elementor-align-justify elementor-widget elementor-widget-button\" data-id=\"d00dbed\" data-element_type=\"widget\" data-e-type=\"widget\" data-widget_type=\"button.default\">\n\t\t\t\t<div class=\"elementor-widget-container\">\n\t\t\t\t\t\t\t\t\t<div class=\"elementor-button-wrapper\">\n\t\t\t\t\t<a class=\"elementor-button elementor-button-link elementor-size-sm\" href=\"https:\/\/gpt-renewables.com\/pt\/purchase-request-form\/\">\n\t\t\t\t\t\t<span class=\"elementor-button-content-wrapper\">\n\t\t\t\t\t\t\t\t\t<span class=\"elementor-button-text\">ENQUADRAR-SE AGORA<\/span>\n\t\t\t\t\t<\/span>\n\t\t\t\t\t<\/a>\n\t\t\t\t<\/div>\n\t\t\t\t\t\t\t\t<\/div>\n\t\t\t\t<\/div>\n\t\t<div data-particle_enable=\"false\" data-particle-mobile-disabled=\"false\" class=\"elementor-element elementor-element-e95bd35 e-con-full elementor-hidden-desktop elementor-hidden-tablet elementor-hidden-mobile e-flex e-con e-child\" data-id=\"e95bd35\" data-element_type=\"container\" data-e-type=\"container\">\n\t\t\t\t<div class=\"elementor-element elementor-element-e297f66 elementor-widget elementor-widget-text-editor\" data-id=\"e297f66\" data-element_type=\"widget\" data-e-type=\"widget\" data-widget_type=\"text-editor.default\">\n\t\t\t\t<div class=\"elementor-widget-container\">\n\t\t\t\t\t\t\t\t\tDESCARREGAR A FICHA DE ESPECIFICA\u00c7\u00d5ES\t\t\t\t\t\t\t\t<\/div>\n\t\t\t\t<\/div>\n\t\t\t\t<div class=\"elementor-element elementor-element-831f493 elementor-align-right elementor-widget elementor-widget-button\" data-id=\"831f493\" data-element_type=\"widget\" data-e-type=\"widget\" data-widget_type=\"button.default\">\n\t\t\t\t<div class=\"elementor-widget-container\">\n\t\t\t\t\t\t\t\t\t<div class=\"elementor-button-wrapper\">\n\t\t\t\t\t<a class=\"elementor-button elementor-button-link elementor-size-sm\" href=\"#\">\n\t\t\t\t\t\t<span class=\"elementor-button-content-wrapper\">\n\t\t\t\t\t\t\t\t\t<span class=\"elementor-button-text\">DESCARREGAR<\/span>\n\t\t\t\t\t<\/span>\n\t\t\t\t\t<\/a>\n\t\t\t\t<\/div>\n\t\t\t\t\t\t\t\t<\/div>\n\t\t\t\t<\/div>\n\t\t\t\t<\/div>\n\t\t\t\t<\/div>\n\t\t\t\t\t<\/div>\n\t\t\t\t<\/div>\n\t\t<div data-particle_enable=\"false\" data-particle-mobile-disabled=\"false\" class=\"elementor-element elementor-element-b0a6b58 e-flex e-con-boxed e-con e-parent\" data-id=\"b0a6b58\" data-element_type=\"container\" data-e-type=\"container\">\n\t\t\t\t\t<div class=\"e-con-inner\">\n\t\t\t\t<div class=\"elementor-element elementor-element-38ae6a1 elementor-widget elementor-widget-bdt-accordion\" data-id=\"38ae6a1\" data-element_type=\"widget\" data-e-type=\"widget\" data-widget_type=\"bdt-accordion.default\">\n\t\t\t\t<div class=\"elementor-widget-container\">\n\t\t\t\t\t\t\t<div class=\"bdt-ep-accordion-container\">\n\t\t\t<div id=\"bdt-ep-accordion-38ae6a1\" class=\"bdt-ep-accordion bdt-accordion\" data-bdt-accordion=\"{&quot;collapsible&quot;:true,&quot;multiple&quot;:false,&quot;animation&quot;:true,&quot;transition&quot;:&quot;ease-in-out&quot;,&quot;duration&quot;:200}\" \t\tdata-settings=\"{&quot;id&quot;:&quot;bdt-ep-accordion-38ae6a1&quot;,&quot;activeHash&quot;:&quot;no&quot;,&quot;activeScrollspy&quot;:null,&quot;hashTopOffset&quot;:false,&quot;hashScrollspyTime&quot;:false,&quot;closeAllItemsOnMobile&quot;:false}\">\n\t\t\t\t\t\t\t\t\t<div class=\"bdt-ep-accordion-item bdt-open\">\n\t\t\t\t\t\t<div\t\t\t\t\t\t\tclass=\"bdt-ep-accordion-title bdt-accordion-title bdt-flex bdt-flex-middle bdt-flex-between\" id=\"bdt-ep-accordion-product-description\"\n\t\t\t\t\t\t\tdata-accordion-index=\"0\" data-title=\"product-description\">\n\n\t\t\t\t\t\t\t\t\t\t\t\t\t\t\t<span class=\"bdt-ep-accordion-icon bdt-flex-align-right\"\n\t\t\t\t\t\t\t\t\taria-hidden=\"true\">\n\n\t\t\t\t\t\t\t\t\t\t\t\t\t\t\t\t\t\t\t<span class=\"bdt-ep-accordion-icon-closed\">\n\t\t\t\t\t\t\t\t\t\t\t<i aria-hidden=\"true\" class=\"fa-fw fas fa-plus\"><\/i>\t\t\t\t\t\t\t\t\t\t<\/span>\n\t\t\t\t\t\t\t\t\t\n\t\t\t\t\t\t\t\t\t\t\t\t\t\t\t\t\t\t\t<span class=\"bdt-ep-accordion-icon-opened\">\n\t\t\t\t\t\t\t\t\t\t\t<i aria-hidden=\"true\" class=\"fa-fw fas fa-minus\"><\/i>\t\t\t\t\t\t\t\t\t\t<\/span>\n\t\t\t\t\t\t\t\t\t\n\t\t\t\t\t\t\t\t<\/span>\n\t\t\t\t\t\t\t\n\t\t\t\t\t\t\t<span role=\"heading\" class=\"bdt-ep-title-text bdt-flex-inline bdt-flex-middle\" >\n\n\t\t\t\t\t\t\t\t\t\t\t\t\t\t\t\tDESCRI\u00c7\u00c3O DO PRODUTO\t\t\t\t\t\t\t<\/span>\n\n\t\t\t\t\t\t<\/div>\n\t\t\t\t\t\t<div class=\"bdt-ep-accordion-content bdt-accordion-content\">\n\t\t\t\t\t\t\t<p><span style=\"font-weight: 400;\">A PowerBox \u00e9 uma solu\u00e7\u00e3o de alimenta\u00e7\u00e3o remota que reduz significativamente a utiliza\u00e7\u00e3o de gas\u00f3leo, os custos e as emiss\u00f5es de carbono at\u00e9 80%.<\/span><\/p><p><span style=\"font-weight: 400;\">A PowerBox est\u00e1 na vanguarda desta revolu\u00e7\u00e3o, oferecendo uma solu\u00e7\u00e3o inovadora que reduz significativamente a utiliza\u00e7\u00e3o de gas\u00f3leo, reduz os custos e minimiza a pegada de carbono. Desenvolvida com precis\u00e3o e cuidado, \u00e9 um testemunho da inova\u00e7\u00e3o no dom\u00ednio das energias renov\u00e1veis.<\/span><\/p><p><b>Desenvolvido para a sustentabilidade e efici\u00eancia<\/b><\/p><p><span style=\"font-weight: 400;\">Numa era em que a responsabilidade empresarial e a gest\u00e3o ambiental s\u00e3o fundamentais, a PowerBox oferece uma solu\u00e7\u00e3o convincente. Ao reduzir drasticamente a depend\u00eancia do gas\u00f3leo, n\u00e3o s\u00f3 diminui os custos operacionais como tamb\u00e9m se alinha com os objectivos de sustentabilidade da empresa, reduzindo a sua pegada de carbono e refor\u00e7ando o compromisso da sua marca com a preserva\u00e7\u00e3o ambiental.<\/span><\/p>\t\t\t\t\t\t<\/div>\n\t\t\t\t\t<\/div>\n\t\t\t\t\t\t\t<\/div>\n\t\t<\/div>\n\t\t\t\t\t\t<\/div>\n\t\t\t\t<\/div>\n\t\t\t\t\t<\/div>\n\t\t\t\t<\/div>\n\t\t\t\t<\/div>","protected":false},"excerpt":{"rendered":"<p>Green Power Technologies Page The PowerBox POA Brief Description The PowerBox is a remote power solution that significantly reduces diesel [&hellip;]<\/p>\n","protected":false},"author":2,"featured_media":0,"parent":0,"menu_order":0,"comment_status":"closed","ping_status":"closed","template":"","meta":{"content-type":"","_monsterinsights_skip_tracking":false,"_monsterinsights_sitenote_active":false,"_monsterinsights_sitenote_note":"","_monsterinsights_sitenote_category":0,"_uf_show_specific_survey":0,"_uf_disable_surveys":false,"site-sidebar-layout":"no-sidebar","site-content-layout":"page-builder","ast-site-content-layout":"full-width-container","site-content-style":"default","site-sidebar-style":"default","ast-global-header-display":"","ast-banner-title-visibility":"","ast-main-header-display":"","ast-hfb-above-header-display":"","ast-hfb-below-header-display":"","ast-hfb-mobile-header-display":"","site-post-title":"disabled","ast-breadcrumbs-content":"","ast-featured-img":"disabled","footer-sml-layout":"","ast-disable-related-posts":"","theme-transparent-header-meta":"","adv-header-id-meta":"","stick-header-meta":"","header-above-stick-meta":"","header-main-stick-meta":"","header-below-stick-meta":"","astra-migrate-meta-layouts":"set","ast-page-background-enabled":"default","ast-page-background-meta":{"desktop":{"background-color":"","background-image":"","background-repeat":"repeat","background-position":"center center","background-size":"auto","background-attachment":"scroll","background-type":"","background-media":"","overlay-type":"","overlay-color":"","overlay-opacity":"","overlay-gradient":""},"tablet":{"background-color":"","background-image":"","background-repeat":"repeat","background-position":"center center","background-size":"auto","background-attachment":"scroll","background-type":"","background-media":"","overlay-type":"","overlay-color":"","overlay-opacity":"","overlay-gradient":""},"mobile":{"background-color":"","background-image":"","background-repeat":"repeat","background-position":"center center","background-size":"auto","background-attachment":"scroll","background-type":"","background-media":"","overlay-type":"","overlay-color":"","overlay-opacity":"","overlay-gradient":""}},"ast-content-background-meta":{"desktop":{"background-color":"var(--ast-global-color-5)","background-image":"","background-repeat":"repeat","background-position":"center center","background-size":"auto","background-attachment":"scroll","background-type":"","background-media":"","overlay-type":"","overlay-color":"","overlay-opacity":"","overlay-gradient":""},"tablet":{"background-color":"var(--ast-global-color-5)","background-image":"","background-repeat":"repeat","background-position":"center center","background-size":"auto","background-attachment":"scroll","background-type":"","background-media":"","overlay-type":"","overlay-color":"","overlay-opacity":"","overlay-gradient":""},"mobile":{"background-color":"var(--ast-global-color-5)","background-image":"","background-repeat":"repeat","background-position":"center center","background-size":"auto","background-attachment":"scroll","background-type":"","background-media":"","overlay-type":"","overlay-color":"","overlay-opacity":"","overlay-gradient":""}},"footnotes":""},"folder":[29],"class_list":["post-3103","page","type-page","status-publish","hentry"],"aioseo_notices":[],"_links":{"self":[{"href":"https:\/\/gpt-renewables.com\/pt\/wp-json\/wp\/v2\/pages\/3103","targetHints":{"allow":["GET"]}}],"collection":[{"href":"https:\/\/gpt-renewables.com\/pt\/wp-json\/wp\/v2\/pages"}],"about":[{"href":"https:\/\/gpt-renewables.com\/pt\/wp-json\/wp\/v2\/types\/page"}],"author":[{"embeddable":true,"href":"https:\/\/gpt-renewables.com\/pt\/wp-json\/wp\/v2\/users\/2"}],"replies":[{"embeddable":true,"href":"https:\/\/gpt-renewables.com\/pt\/wp-json\/wp\/v2\/comments?post=3103"}],"version-history":[{"count":48,"href":"https:\/\/gpt-renewables.com\/pt\/wp-json\/wp\/v2\/pages\/3103\/revisions"}],"predecessor-version":[{"id":5414,"href":"https:\/\/gpt-renewables.com\/pt\/wp-json\/wp\/v2\/pages\/3103\/revisions\/5414"}],"wp:attachment":[{"href":"https:\/\/gpt-renewables.com\/pt\/wp-json\/wp\/v2\/media?parent=3103"}],"wp:term":[{"taxonomy":"folder","embeddable":true,"href":"https:\/\/gpt-renewables.com\/pt\/wp-json\/wp\/v2\/folder?post=3103"}],"curies":[{"name":"wp","href":"https:\/\/api.w.org\/{rel}","templated":true}]}}