{"id":3,"date":"2023-09-20T14:23:47","date_gmt":"2023-09-20T13:23:47","guid":{"rendered":"https:\/\/gpt-renewables.com\/?page_id=3"},"modified":"2024-12-02T14:41:50","modified_gmt":"2024-12-02T14:41:50","slug":"politica-de-privacidade","status":"publish","type":"page","link":"https:\/\/gpt-renewables.com\/pt\/privacy-policy\/","title":{"rendered":"Pol\u00edtica de privacidade"},"content":{"rendered":"<div data-elementor-type=\"wp-page\" data-elementor-id=\"3\" class=\"elementor elementor-3\" data-elementor-settings=\"{&quot;element_pack_global_tooltip_width&quot;:{&quot;unit&quot;:&quot;px&quot;,&quot;size&quot;:&quot;&quot;,&quot;sizes&quot;:[]},&quot;element_pack_global_tooltip_width_tablet&quot;:{&quot;unit&quot;:&quot;px&quot;,&quot;size&quot;:&quot;&quot;,&quot;sizes&quot;:[]},&quot;element_pack_global_tooltip_width_mobile&quot;:{&quot;unit&quot;:&quot;px&quot;,&quot;size&quot;:&quot;&quot;,&quot;sizes&quot;:[]},&quot;element_pack_global_tooltip_padding&quot;:{&quot;unit&quot;:&quot;px&quot;,&quot;top&quot;:&quot;&quot;,&quot;right&quot;:&quot;&quot;,&quot;bottom&quot;:&quot;&quot;,&quot;left&quot;:&quot;&quot;,&quot;isLinked&quot;:true},&quot;element_pack_global_tooltip_padding_tablet&quot;:{&quot;unit&quot;:&quot;px&quot;,&quot;top&quot;:&quot;&quot;,&quot;right&quot;:&quot;&quot;,&quot;bottom&quot;:&quot;&quot;,&quot;left&quot;:&quot;&quot;,&quot;isLinked&quot;:true},&quot;element_pack_global_tooltip_padding_mobile&quot;:{&quot;unit&quot;:&quot;px&quot;,&quot;top&quot;:&quot;&quot;,&quot;right&quot;:&quot;&quot;,&quot;bottom&quot;:&quot;&quot;,&quot;left&quot;:&quot;&quot;,&quot;isLinked&quot;:true},&quot;element_pack_global_tooltip_border_radius&quot;:{&quot;unit&quot;:&quot;px&quot;,&quot;top&quot;:&quot;&quot;,&quot;right&quot;:&quot;&quot;,&quot;bottom&quot;:&quot;&quot;,&quot;left&quot;:&quot;&quot;,&quot;isLinked&quot;:true},&quot;element_pack_global_tooltip_border_radius_tablet&quot;:{&quot;unit&quot;:&quot;px&quot;,&quot;top&quot;:&quot;&quot;,&quot;right&quot;:&quot;&quot;,&quot;bottom&quot;:&quot;&quot;,&quot;left&quot;:&quot;&quot;,&quot;isLinked&quot;:true},&quot;element_pack_global_tooltip_border_radius_mobile&quot;:{&quot;unit&quot;:&quot;px&quot;,&quot;top&quot;:&quot;&quot;,&quot;right&quot;:&quot;&quot;,&quot;bottom&quot;:&quot;&quot;,&quot;left&quot;:&quot;&quot;,&quot;isLinked&quot;:true}}\" data-elementor-post-type=\"page\">\n\t\t\t\t<div data-particle_enable=\"false\" data-particle-mobile-disabled=\"false\" class=\"elementor-element elementor-element-7a06751e e-flex e-con-boxed e-con e-parent\" data-id=\"7a06751e\" data-element_type=\"container\" data-e-type=\"container\">\n\t\t\t\t\t<div class=\"e-con-inner\">\n\t\t\t\t<div class=\"elementor-element elementor-element-601616ae elementor-widget elementor-widget-text-editor\" data-id=\"601616ae\" data-element_type=\"widget\" data-e-type=\"widget\" data-widget_type=\"text-editor.default\">\n\t\t\t\t<div class=\"elementor-widget-container\">\n\t\t\t\t\t\t\t\t\t\n<h5 class=\"wp-block-heading\">1. Controlador de dados <\/h5>\n<p>Green Power Technologies Ltd<br \/>Correio eletr\u00f3nico: chris@gpt-renewables.com<\/p>\n<h5 class=\"wp-block-heading\"><\/h5>\n<h5 class=\"wp-block-heading\">2. Recolha de dados<\/h5>\n<h5 class=\"wp-block-heading\"><\/h5>\n<p>Actuamos como o controlador de dados para as informa\u00e7\u00f5es pessoais recolhidas atrav\u00e9s do nosso s\u00edtio Web. Os dados s\u00e3o recolhidos atrav\u00e9s de formul\u00e1rios de envio de pedidos de informa\u00e7\u00e3o dos clientes e do Google Analytics, que nos ajuda a medir o desempenho das campanhas de marketing em fun\u00e7\u00e3o das despesas efectuadas.<\/p>\n<h5 class=\"wp-block-heading\"><\/h5>\n<h5 class=\"wp-block-heading\"><\/h5>\n<h5 class=\"wp-block-heading\">3. Tipos de dados recolhidos<\/h5>\n<h5 class=\"wp-block-heading\"><\/h5>\n<p>Recolhemos os seguintes tipos de dados pessoais:<\/p>\n<p>Nomes<br \/>Endere\u00e7os de correio eletr\u00f3nico<br \/>Detalhes do pedido<br \/>An\u00e1lise de campanhas de marketing<\/p>\n<h5 class=\"wp-block-heading\"><\/h5>\n<h5 class=\"wp-block-heading\">4. Objetivo da recolha de dados<\/h5>\n<h5 class=\"wp-block-heading\"><\/h5>\n<p>Os dados que recolhemos s\u00e3o utilizados para os seguintes fins:<\/p>\n<p>Responder aos pedidos de informa\u00e7\u00e3o e aos pedidos dos clientes<br \/>Para analisar e melhorar as nossas campanhas de marketing<br \/>Para garantir a seguran\u00e7a e a funcionalidade do nosso s\u00edtio Web<\/p>\n<h5 class=\"wp-block-heading\"><\/h5>\n<h5 class=\"wp-block-heading\">5. Base jur\u00eddica para o tratamento de dados<\/h5>\n<h5 class=\"wp-block-heading\"><\/h5>\n<p>Processamos dados pessoais com base nos interesses leg\u00edtimos da nossa atividade e para cumprir as nossas obriga\u00e7\u00f5es contratuais com os clientes.<\/p>\n<h5 class=\"wp-block-heading\"><\/h5>\n<h5 class=\"wp-block-heading\">6. Conserva\u00e7\u00e3o de dados<\/h5>\n<h5 class=\"wp-block-heading\"><\/h5>\n<p>Os pedidos de informa\u00e7\u00e3o e os dados relacionados s\u00e3o armazenados de forma segura na nossa base de dados durante o tempo necess\u00e1rio para cumprir os objectivos para os quais foram recolhidos ou conforme exigido pela legisla\u00e7\u00e3o aplic\u00e1vel.<\/p>\n<h5 class=\"wp-block-heading\"><\/h5>\n<h5 class=\"wp-block-heading\">7. Partilha de dados<\/h5>\n<h5 class=\"wp-block-heading\"><\/h5>\n<h5 class=\"wp-block-heading\"><\/h5>\n<p>Ap\u00f3s a aceita\u00e7\u00e3o do interesse nos nossos servi\u00e7os, podemos partilhar os seus dados com um empreiteiro adequado para fornecer um or\u00e7amento para as suas obras. N\u00f3s, na qualidade de consultores, apresentaremos um empreiteiro adequado para or\u00e7amentar e efetuar as obras necess\u00e1rias.<\/p>\n<h5 class=\"wp-block-heading\"><\/h5>\n<h5 class=\"wp-block-heading\">8. Transfer\u00eancias internacionais de dados<\/h5>\n<h5 class=\"wp-block-heading\"><\/h5>\n<p>N\u00e3o transferimos os seus dados pessoais para fora do Reino Unido.<\/p>\n<h5 class=\"wp-block-heading\"><\/h5>\n<h5 class=\"wp-block-heading\">9. Direitos do utilizador<\/h5>\n<h5 class=\"wp-block-heading\"><\/h5>\n<p>O utilizador tem os seguintes direitos relativamente aos seus dados pessoais:<\/p>\n<p>O direito de aceder aos seus dados<br \/>O direito de retificar as inexactid\u00f5es dos seus dados<br \/>O direito ao apagamento dos seus dados (em determinadas circunst\u00e2ncias)<br \/>O direito de restringir o tratamento dos seus dados<br \/>O direito \u00e0 portabilidade dos dados<br \/>O direito de se opor ao tratamento dos seus dados<br \/>O direito de retirar o consentimento (se aplic\u00e1vel)<\/p>\n<h5 class=\"wp-block-heading\">10. Consentimento<\/h5>\n<p>Ao utilizar o nosso s\u00edtio Web, o utilizador autoriza a recolha e o tratamento dos seus dados pessoais tal como descrito na presente pol\u00edtica de privacidade.<\/p>\n<h5 class=\"wp-block-heading\">11. Cookies e tecnologias de rastreio<\/h5>\n<p>Utilizamos o Google Analytics para monitorizar o desempenho das nossas campanhas de marketing. Para mais informa\u00e7\u00f5es sobre a forma como utilizamos os cookies e como os pode gerir, consulte a nossa Pol\u00edtica de Cookies.<\/p>\n<h5 class=\"wp-block-heading\">12. Medidas de seguran\u00e7a<\/h5>\n<p>Mantemos medidas de seguran\u00e7a adequadas, incluindo encripta\u00e7\u00e3o SSL, para proteger os seus dados pessoais de acessos n\u00e3o autorizados e viola\u00e7\u00f5es.<\/p>\n<h5 class=\"wp-block-heading\">13. Notifica\u00e7\u00e3o de viola\u00e7\u00e3o de dados<\/h5>\n<p>Na eventualidade de uma viola\u00e7\u00e3o de dados que possa afetar os seus dados pessoais, notific\u00e1-lo-emos imediatamente e tomaremos todas as medidas necess\u00e1rias para atenuar o impacto.<\/p>\n<h5 class=\"wp-block-heading\">14. Actualiza\u00e7\u00f5es da pol\u00edtica de privacidade<\/h5>\n<p>Esta pol\u00edtica de privacidade pode ser actualizada periodicamente para refletir altera\u00e7\u00f5es nas nossas pr\u00e1ticas de processamento de dados ou requisitos legais. A data da \u00faltima atualiza\u00e7\u00e3o ser\u00e1 indicada no topo da pol\u00edtica.<\/p>\n<p>Para quaisquer quest\u00f5es ou para exercer os seus direitos em mat\u00e9ria de prote\u00e7\u00e3o de dados, contacte-nos atrav\u00e9s do endere\u00e7o chris@gpt-renewables.com.<\/p>\n<h5 class=\"wp-block-heading\"><\/h5>\t\t\t\t\t\t\t\t<\/div>\n\t\t\t\t<\/div>\n\t\t\t\t\t<\/div>\n\t\t\t\t<\/div>\n\t\t\t\t<\/div>","protected":false},"excerpt":{"rendered":"<p>1. Data Controller Green Power Technologies LtdEmail: chris@gpt-renewables.com 2. Data Collection We act as the data controller for the personal [&hellip;]<\/p>\n","protected":false},"author":1,"featured_media":0,"parent":0,"menu_order":0,"comment_status":"closed","ping_status":"open","template":"","meta":{"content-type":"","_monsterinsights_skip_tracking":false,"_monsterinsights_sitenote_active":false,"_monsterinsights_sitenote_note":"","_monsterinsights_sitenote_category":0,"_uf_show_specific_survey":0,"_uf_disable_surveys":false,"site-sidebar-layout":"default","site-content-layout":"","ast-site-content-layout":"default","site-content-style":"default","site-sidebar-style":"default","ast-global-header-display":"","ast-banner-title-visibility":"","ast-main-header-display":"","ast-hfb-above-header-display":"","ast-hfb-below-header-display":"","ast-hfb-mobile-header-display":"","site-post-title":"","ast-breadcrumbs-content":"","ast-featured-img":"","footer-sml-layout":"","ast-disable-related-posts":"","theme-transparent-header-meta":"","adv-header-id-meta":"","stick-header-meta":"","header-above-stick-meta":"","header-main-stick-meta":"","header-below-stick-meta":"","astra-migrate-meta-layouts":"default","ast-page-background-enabled":"default","ast-page-background-meta":{"desktop":{"background-color":"","background-image":"","background-repeat":"repeat","background-position":"center center","background-size":"auto","background-attachment":"scroll","background-type":"","background-media":"","overlay-type":"","overlay-color":"","overlay-opacity":"","overlay-gradient":""},"tablet":{"background-color":"","background-image":"","background-repeat":"repeat","background-position":"center center","background-size":"auto","background-attachment":"scroll","background-type":"","background-media":"","overlay-type":"","overlay-color":"","overlay-opacity":"","overlay-gradient":""},"mobile":{"background-color":"","background-image":"","background-repeat":"repeat","background-position":"center center","background-size":"auto","background-attachment":"scroll","background-type":"","background-media":"","overlay-type":"","overlay-color":"","overlay-opacity":"","overlay-gradient":""}},"ast-content-background-meta":{"desktop":{"background-color":"var(--ast-global-color-5)","background-image":"","background-repeat":"repeat","background-position":"center center","background-size":"auto","background-attachment":"scroll","background-type":"","background-media":"","overlay-type":"","overlay-color":"","overlay-opacity":"","overlay-gradient":""},"tablet":{"background-color":"var(--ast-global-color-5)","background-image":"","background-repeat":"repeat","background-position":"center center","background-size":"auto","background-attachment":"scroll","background-type":"","background-media":"","overlay-type":"","overlay-color":"","overlay-opacity":"","overlay-gradient":""},"mobile":{"background-color":"var(--ast-global-color-5)","background-image":"","background-repeat":"repeat","background-position":"center center","background-size":"auto","background-attachment":"scroll","background-type":"","background-media":"","overlay-type":"","overlay-color":"","overlay-opacity":"","overlay-gradient":""}},"footnotes":""},"folder":[29],"class_list":["post-3","page","type-page","status-publish","hentry"],"aioseo_notices":[],"_links":{"self":[{"href":"https:\/\/gpt-renewables.com\/pt\/wp-json\/wp\/v2\/pages\/3","targetHints":{"allow":["GET"]}}],"collection":[{"href":"https:\/\/gpt-renewables.com\/pt\/wp-json\/wp\/v2\/pages"}],"about":[{"href":"https:\/\/gpt-renewables.com\/pt\/wp-json\/wp\/v2\/types\/page"}],"author":[{"embeddable":true,"href":"https:\/\/gpt-renewables.com\/pt\/wp-json\/wp\/v2\/users\/1"}],"replies":[{"embeddable":true,"href":"https:\/\/gpt-renewables.com\/pt\/wp-json\/wp\/v2\/comments?post=3"}],"version-history":[{"count":3,"href":"https:\/\/gpt-renewables.com\/pt\/wp-json\/wp\/v2\/pages\/3\/revisions"}],"predecessor-version":[{"id":3187,"href":"https:\/\/gpt-renewables.com\/pt\/wp-json\/wp\/v2\/pages\/3\/revisions\/3187"}],"wp:attachment":[{"href":"https:\/\/gpt-renewables.com\/pt\/wp-json\/wp\/v2\/media?parent=3"}],"wp:term":[{"taxonomy":"folder","embeddable":true,"href":"https:\/\/gpt-renewables.com\/pt\/wp-json\/wp\/v2\/folder?post=3"}],"curies":[{"name":"wp","href":"https:\/\/api.w.org\/{rel}","templated":true}]}}