{"id":1404,"date":"2023-10-02T16:37:15","date_gmt":"2023-10-02T15:37:15","guid":{"rendered":"https:\/\/gpt-renewables.com\/?page_id=1404"},"modified":"2024-12-02T14:42:49","modified_gmt":"2024-12-02T14:42:49","slug":"termos-e-condicoes","status":"publish","type":"page","link":"https:\/\/gpt-renewables.com\/pt\/terms-and-conditions\/","title":{"rendered":"Termos e condi\u00e7\u00f5es"},"content":{"rendered":"<div data-elementor-type=\"wp-page\" data-elementor-id=\"1404\" class=\"elementor elementor-1404\" data-elementor-settings=\"{&quot;element_pack_global_tooltip_width&quot;:{&quot;unit&quot;:&quot;px&quot;,&quot;size&quot;:&quot;&quot;,&quot;sizes&quot;:[]},&quot;element_pack_global_tooltip_width_tablet&quot;:{&quot;unit&quot;:&quot;px&quot;,&quot;size&quot;:&quot;&quot;,&quot;sizes&quot;:[]},&quot;element_pack_global_tooltip_width_mobile&quot;:{&quot;unit&quot;:&quot;px&quot;,&quot;size&quot;:&quot;&quot;,&quot;sizes&quot;:[]},&quot;element_pack_global_tooltip_padding&quot;:{&quot;unit&quot;:&quot;px&quot;,&quot;top&quot;:&quot;&quot;,&quot;right&quot;:&quot;&quot;,&quot;bottom&quot;:&quot;&quot;,&quot;left&quot;:&quot;&quot;,&quot;isLinked&quot;:true},&quot;element_pack_global_tooltip_padding_tablet&quot;:{&quot;unit&quot;:&quot;px&quot;,&quot;top&quot;:&quot;&quot;,&quot;right&quot;:&quot;&quot;,&quot;bottom&quot;:&quot;&quot;,&quot;left&quot;:&quot;&quot;,&quot;isLinked&quot;:true},&quot;element_pack_global_tooltip_padding_mobile&quot;:{&quot;unit&quot;:&quot;px&quot;,&quot;top&quot;:&quot;&quot;,&quot;right&quot;:&quot;&quot;,&quot;bottom&quot;:&quot;&quot;,&quot;left&quot;:&quot;&quot;,&quot;isLinked&quot;:true},&quot;element_pack_global_tooltip_border_radius&quot;:{&quot;unit&quot;:&quot;px&quot;,&quot;top&quot;:&quot;&quot;,&quot;right&quot;:&quot;&quot;,&quot;bottom&quot;:&quot;&quot;,&quot;left&quot;:&quot;&quot;,&quot;isLinked&quot;:true},&quot;element_pack_global_tooltip_border_radius_tablet&quot;:{&quot;unit&quot;:&quot;px&quot;,&quot;top&quot;:&quot;&quot;,&quot;right&quot;:&quot;&quot;,&quot;bottom&quot;:&quot;&quot;,&quot;left&quot;:&quot;&quot;,&quot;isLinked&quot;:true},&quot;element_pack_global_tooltip_border_radius_mobile&quot;:{&quot;unit&quot;:&quot;px&quot;,&quot;top&quot;:&quot;&quot;,&quot;right&quot;:&quot;&quot;,&quot;bottom&quot;:&quot;&quot;,&quot;left&quot;:&quot;&quot;,&quot;isLinked&quot;:true}}\" data-elementor-post-type=\"page\">\n\t\t\t\t<div data-particle_enable=\"false\" data-particle-mobile-disabled=\"false\" class=\"elementor-element elementor-element-7a06751e e-flex e-con-boxed e-con e-parent\" data-id=\"7a06751e\" data-element_type=\"container\" data-e-type=\"container\">\n\t\t\t\t\t<div class=\"e-con-inner\">\n\t\t\t\t<div class=\"elementor-element elementor-element-601616ae elementor-widget elementor-widget-text-editor\" data-id=\"601616ae\" data-element_type=\"widget\" data-e-type=\"widget\" data-widget_type=\"text-editor.default\">\n\t\t\t\t<div class=\"elementor-widget-container\">\n\t\t\t\t\t\t\t\t\t\n<p><strong>1. Aceita\u00e7\u00e3o das condi\u00e7\u00f5es<\/strong><\/p>\n<p>Ao aceder e utilizar o s\u00edtio Web de <strong>Green Power Technologies (UK) Ltd<\/strong> (\u201cGPT\u201d, \u201cn\u00f3s\u201d, \u201cnosso\u201d ou \u201cnos\u201d), o utilizador concorda em cumprir e ficar vinculado a estes Termos e Condi\u00e7\u00f5es. Se n\u00e3o concordar com estes termos, por favor, abstenha-se de utilizar o nosso s\u00edtio Web.<\/p>\n<p><strong>2. Altera\u00e7\u00f5es das condi\u00e7\u00f5es<\/strong><\/p>\n<p>A GPT reserva-se o direito de modificar ou rever estes Termos e Condi\u00e7\u00f5es em qualquer altura sem aviso pr\u00e9vio. A utiliza\u00e7\u00e3o continuada do s\u00edtio Web ap\u00f3s quaisquer altera\u00e7\u00f5es indica a aceita\u00e7\u00e3o dessas altera\u00e7\u00f5es.<\/p>\n<p><strong>3. Utiliza\u00e7\u00e3o do s\u00edtio Web<\/strong><\/p>\n<p>a. O utilizador concorda em utilizar o nosso s\u00edtio Web apenas para fins legais e de uma forma consistente com todas as leis e regulamentos aplic\u00e1veis.<\/p>\n<p>b. O utilizador n\u00e3o pode utilizar o nosso s\u00edtio Web de qualquer forma que possa prejudicar, desativar, sobrecarregar ou danificar os nossos servi\u00e7os ou interferir com a utiliza\u00e7\u00e3o do s\u00edtio por outros utilizadores.<\/p>\n<p><strong>4. Propriedade intelectual<\/strong><\/p>\n<p>a. Todo o conte\u00fado deste s\u00edtio Web, incluindo mas n\u00e3o se limitando a texto, gr\u00e1ficos, log\u00f3tipos, imagens, clips de \u00e1udio e software, \u00e9 propriedade da GPT ou dos seus licenciadores e est\u00e1 protegido por direitos de autor e outras leis de propriedade intelectual.<\/p>\n<p>b. O utilizador n\u00e3o pode reproduzir, distribuir, modificar ou republicar qualquer conte\u00fado deste s\u00edtio Web sem o consentimento pr\u00e9vio por escrito da GPT.<\/p>\n<p><strong>5. Privacidade<\/strong><\/p>\n<p>A nossa Pol\u00edtica de Privacidade, dispon\u00edvel neste s\u00edtio Web, explica como recolhemos, utilizamos e protegemos as suas informa\u00e7\u00f5es pessoais. Ao utilizar o nosso s\u00edtio Web, o utilizador concorda com as nossas pr\u00e1ticas de privacidade, tal como descritas na Pol\u00edtica de Privacidade.<\/p>\n<p><strong>6. Liga\u00e7\u00f5es a s\u00edtios Web de terceiros<\/strong><\/p>\n<p>Este s\u00edtio Web pode conter liga\u00e7\u00f5es a s\u00edtios Web de terceiros para sua conveni\u00eancia. A GPT n\u00e3o endossa nem assume qualquer responsabilidade pelo conte\u00fado ou pr\u00e1ticas desses s\u00edtios de terceiros. O utilizador acede a estes sites por sua pr\u00f3pria conta e risco.<\/p>\n<p><strong>7. Exclus\u00e3o de garantias<\/strong><\/p>\n<p>a. As informa\u00e7\u00f5es fornecidas neste s\u00edtio Web destinam-se apenas a fins informativos gerais. A GPT n\u00e3o d\u00e1 quaisquer garantias ou representa\u00e7\u00f5es sobre a exatid\u00e3o, integridade ou fiabilidade do conte\u00fado.<\/p>\n<p>b. A GPT renuncia a todas as garantias, expressas ou impl\u00edcitas, incluindo mas n\u00e3o se limitando a garantias de comercializa\u00e7\u00e3o, adequa\u00e7\u00e3o a um determinado fim e n\u00e3o infra\u00e7\u00e3o.<\/p>\n<p><strong>8. Limita\u00e7\u00e3o da responsabilidade<\/strong><\/p>\n<p>Em nenhuma circunst\u00e2ncia a GPT ser\u00e1 respons\u00e1vel por quaisquer danos diretos, indirectos, acidentais, especiais ou consequenciais resultantes de ou de alguma forma relacionados com a utiliza\u00e7\u00e3o deste s\u00edtio Web ou do conte\u00fado nele contido.<\/p>\n<p><strong>9. Direito aplic\u00e1vel e jurisdi\u00e7\u00e3o<\/strong><\/p>\n<p>Os presentes Termos e Condi\u00e7\u00f5es ser\u00e3o regidos e interpretados de acordo com a legisla\u00e7\u00e3o do Reino Unido. Quaisquer lit\u00edgios relacionados com estes termos ou com a sua utiliza\u00e7\u00e3o do s\u00edtio Web estar\u00e3o sujeitos \u00e0 jurisdi\u00e7\u00e3o exclusiva dos tribunais do Reino Unido.<\/p>\n<p><strong>10. Informa\u00e7\u00f5es de contacto<\/strong><\/p>\n<p>Se tiver alguma quest\u00e3o ou d\u00favida sobre os presentes Termos e Condi\u00e7\u00f5es, contacte-nos atrav\u00e9s do seguinte endere\u00e7o<\/p>\n<p>info@gpt-renewables.com<\/p>\n<p><strong>11. Acordo integral<\/strong><\/p>\n<p>Estes Termos e Condi\u00e7\u00f5es constituem o acordo integral entre o utilizador e a GPT relativamente \u00e0 utiliza\u00e7\u00e3o do website e substituem quaisquer acordos ou entendimentos anteriores, quer escritos ou orais.<\/p>\n<h5 class=\"wp-block-heading\"><\/h5>\t\t\t\t\t\t\t\t<\/div>\n\t\t\t\t<\/div>\n\t\t\t\t\t<\/div>\n\t\t\t\t<\/div>\n\t\t\t\t<\/div>","protected":false},"excerpt":{"rendered":"<p>1. Acceptance of Terms By accessing and using the website of Green Power Technologies (UK) Ltd (&#8220;GPT,&#8221; &#8220;we,&#8221; &#8220;our,&#8221; or [&hellip;]<\/p>\n","protected":false},"author":1,"featured_media":0,"parent":0,"menu_order":0,"comment_status":"closed","ping_status":"closed","template":"","meta":{"content-type":"","_monsterinsights_skip_tracking":false,"_monsterinsights_sitenote_active":false,"_monsterinsights_sitenote_note":"","_monsterinsights_sitenote_category":0,"_uf_show_specific_survey":0,"_uf_disable_surveys":false,"site-sidebar-layout":"default","site-content-layout":"","ast-site-content-layout":"default","site-content-style":"default","site-sidebar-style":"default","ast-global-header-display":"","ast-banner-title-visibility":"","ast-main-header-display":"","ast-hfb-above-header-display":"","ast-hfb-below-header-display":"","ast-hfb-mobile-header-display":"","site-post-title":"","ast-breadcrumbs-content":"","ast-featured-img":"","footer-sml-layout":"","ast-disable-related-posts":"","theme-transparent-header-meta":"","adv-header-id-meta":"","stick-header-meta":"","header-above-stick-meta":"","header-main-stick-meta":"","header-below-stick-meta":"","astra-migrate-meta-layouts":"set","ast-page-background-enabled":"default","ast-page-background-meta":{"desktop":{"background-color":"","background-image":"","background-repeat":"repeat","background-position":"center center","background-size":"auto","background-attachment":"scroll","background-type":"","background-media":"","overlay-type":"","overlay-color":"","overlay-opacity":"","overlay-gradient":""},"tablet":{"background-color":"","background-image":"","background-repeat":"repeat","background-position":"center center","background-size":"auto","background-attachment":"scroll","background-type":"","background-media":"","overlay-type":"","overlay-color":"","overlay-opacity":"","overlay-gradient":""},"mobile":{"background-color":"","background-image":"","background-repeat":"repeat","background-position":"center center","background-size":"auto","background-attachment":"scroll","background-type":"","background-media":"","overlay-type":"","overlay-color":"","overlay-opacity":"","overlay-gradient":""}},"ast-content-background-meta":{"desktop":{"background-color":"var(--ast-global-color-5)","background-image":"","background-repeat":"repeat","background-position":"center center","background-size":"auto","background-attachment":"scroll","background-type":"","background-media":"","overlay-type":"","overlay-color":"","overlay-opacity":"","overlay-gradient":""},"tablet":{"background-color":"var(--ast-global-color-5)","background-image":"","background-repeat":"repeat","background-position":"center center","background-size":"auto","background-attachment":"scroll","background-type":"","background-media":"","overlay-type":"","overlay-color":"","overlay-opacity":"","overlay-gradient":""},"mobile":{"background-color":"var(--ast-global-color-5)","background-image":"","background-repeat":"repeat","background-position":"center center","background-size":"auto","background-attachment":"scroll","background-type":"","background-media":"","overlay-type":"","overlay-color":"","overlay-opacity":"","overlay-gradient":""}},"footnotes":""},"folder":[29],"class_list":["post-1404","page","type-page","status-publish","hentry"],"aioseo_notices":[],"_links":{"self":[{"href":"https:\/\/gpt-renewables.com\/pt\/wp-json\/wp\/v2\/pages\/1404","targetHints":{"allow":["GET"]}}],"collection":[{"href":"https:\/\/gpt-renewables.com\/pt\/wp-json\/wp\/v2\/pages"}],"about":[{"href":"https:\/\/gpt-renewables.com\/pt\/wp-json\/wp\/v2\/types\/page"}],"author":[{"embeddable":true,"href":"https:\/\/gpt-renewables.com\/pt\/wp-json\/wp\/v2\/users\/1"}],"replies":[{"embeddable":true,"href":"https:\/\/gpt-renewables.com\/pt\/wp-json\/wp\/v2\/comments?post=1404"}],"version-history":[{"count":3,"href":"https:\/\/gpt-renewables.com\/pt\/wp-json\/wp\/v2\/pages\/1404\/revisions"}],"predecessor-version":[{"id":3193,"href":"https:\/\/gpt-renewables.com\/pt\/wp-json\/wp\/v2\/pages\/1404\/revisions\/3193"}],"wp:attachment":[{"href":"https:\/\/gpt-renewables.com\/pt\/wp-json\/wp\/v2\/media?parent=1404"}],"wp:term":[{"taxonomy":"folder","embeddable":true,"href":"https:\/\/gpt-renewables.com\/pt\/wp-json\/wp\/v2\/folder?post=1404"}],"curies":[{"name":"wp","href":"https:\/\/api.w.org\/{rel}","templated":true}]}}