{"id":1073,"date":"2023-09-25T12:53:09","date_gmt":"2023-09-25T11:53:09","guid":{"rendered":"https:\/\/gpt-renewables.com\/?page_id=1073"},"modified":"2024-12-02T14:42:10","modified_gmt":"2024-12-02T14:42:10","slug":"politica-de-cookies","status":"publish","type":"page","link":"https:\/\/gpt-renewables.com\/pt\/cookie-policy\/","title":{"rendered":"Pol\u00edtica de cookies"},"content":{"rendered":"<div data-elementor-type=\"wp-page\" data-elementor-id=\"1073\" class=\"elementor elementor-1073\" data-elementor-settings=\"{&quot;element_pack_global_tooltip_width&quot;:{&quot;unit&quot;:&quot;px&quot;,&quot;size&quot;:&quot;&quot;,&quot;sizes&quot;:[]},&quot;element_pack_global_tooltip_width_tablet&quot;:{&quot;unit&quot;:&quot;px&quot;,&quot;size&quot;:&quot;&quot;,&quot;sizes&quot;:[]},&quot;element_pack_global_tooltip_width_mobile&quot;:{&quot;unit&quot;:&quot;px&quot;,&quot;size&quot;:&quot;&quot;,&quot;sizes&quot;:[]},&quot;element_pack_global_tooltip_padding&quot;:{&quot;unit&quot;:&quot;px&quot;,&quot;top&quot;:&quot;&quot;,&quot;right&quot;:&quot;&quot;,&quot;bottom&quot;:&quot;&quot;,&quot;left&quot;:&quot;&quot;,&quot;isLinked&quot;:true},&quot;element_pack_global_tooltip_padding_tablet&quot;:{&quot;unit&quot;:&quot;px&quot;,&quot;top&quot;:&quot;&quot;,&quot;right&quot;:&quot;&quot;,&quot;bottom&quot;:&quot;&quot;,&quot;left&quot;:&quot;&quot;,&quot;isLinked&quot;:true},&quot;element_pack_global_tooltip_padding_mobile&quot;:{&quot;unit&quot;:&quot;px&quot;,&quot;top&quot;:&quot;&quot;,&quot;right&quot;:&quot;&quot;,&quot;bottom&quot;:&quot;&quot;,&quot;left&quot;:&quot;&quot;,&quot;isLinked&quot;:true},&quot;element_pack_global_tooltip_border_radius&quot;:{&quot;unit&quot;:&quot;px&quot;,&quot;top&quot;:&quot;&quot;,&quot;right&quot;:&quot;&quot;,&quot;bottom&quot;:&quot;&quot;,&quot;left&quot;:&quot;&quot;,&quot;isLinked&quot;:true},&quot;element_pack_global_tooltip_border_radius_tablet&quot;:{&quot;unit&quot;:&quot;px&quot;,&quot;top&quot;:&quot;&quot;,&quot;right&quot;:&quot;&quot;,&quot;bottom&quot;:&quot;&quot;,&quot;left&quot;:&quot;&quot;,&quot;isLinked&quot;:true},&quot;element_pack_global_tooltip_border_radius_mobile&quot;:{&quot;unit&quot;:&quot;px&quot;,&quot;top&quot;:&quot;&quot;,&quot;right&quot;:&quot;&quot;,&quot;bottom&quot;:&quot;&quot;,&quot;left&quot;:&quot;&quot;,&quot;isLinked&quot;:true}}\" data-elementor-post-type=\"page\">\n\t\t\t\t<div data-particle_enable=\"false\" data-particle-mobile-disabled=\"false\" class=\"elementor-element elementor-element-7a06751e e-flex e-con-boxed e-con e-parent\" data-id=\"7a06751e\" data-element_type=\"container\" data-e-type=\"container\">\n\t\t\t\t\t<div class=\"e-con-inner\">\n\t\t\t\t<div class=\"elementor-element elementor-element-601616ae elementor-widget elementor-widget-text-editor\" data-id=\"601616ae\" data-element_type=\"widget\" data-e-type=\"widget\" data-widget_type=\"text-editor.default\">\n\t\t\t\t<div class=\"elementor-widget-container\">\n\t\t\t\t\t\t\t\t\t\n<p>\u00daltima atualiza\u00e7\u00e3o: 25\/09\/23<\/p>\n<h5 class=\"wp-block-heading\">1. O que s\u00e3o cookies?<br \/><\/h5>\n<p>Os cookies s\u00e3o pequenos ficheiros de texto que s\u00e3o armazenados no seu computador ou dispositivo m\u00f3vel quando visita um s\u00edtio Web. Ajudam os s\u00edtios Web a recordar as suas prefer\u00eancias e a melhorar a sua experi\u00eancia de navega\u00e7\u00e3o. Os cookies podem ser cookies de sess\u00e3o, que s\u00e3o eliminados depois de fechar o browser, ou cookies persistentes, que permanecem no seu dispositivo durante um per\u00edodo espec\u00edfico ou at\u00e9 serem eliminados.<\/p>\n<h5 class=\"wp-block-heading\"><\/h5>\n<h5 class=\"wp-block-heading\">2. Como utilizamos os cookies<\/h5>\n<h5 class=\"wp-block-heading\"><\/h5>\n<p>A Green Power Technologies Ltd (\u201cn\u00f3s\u201d, \u201cnos\u201d ou \u201cnosso\u201d) utiliza cookies para v\u00e1rios fins, incluindo:<\/p>\n<p>Cookies essenciais: Estes cookies s\u00e3o necess\u00e1rios para a funcionalidade b\u00e1sica do nosso s\u00edtio Web. Permitem-lhe navegar no s\u00edtio e utilizar as suas carater\u00edsticas, como o acesso a \u00e1reas seguras.<\/p>\n<p>Cookies de desempenho e de an\u00e1lise: Utilizamos cookies para compreender como os visitantes interagem com o nosso s\u00edtio Web. Esta informa\u00e7\u00e3o ajuda-nos a melhorar o desempenho do nosso s\u00edtio Web e a experi\u00eancia do utilizador. Para o efeito, podemos utilizar ferramentas de an\u00e1lise de terceiros, como o Google Analytics.<\/p>\n<p>Cookies de funcionalidade: Estes cookies permitem-nos recordar as suas prefer\u00eancias, como a sele\u00e7\u00e3o do idioma ou da regi\u00e3o, para proporcionar uma experi\u00eancia mais personalizada.<\/p>\n<p>Cookies de publicidade: Podemos utilizar cookies para apresentar an\u00fancios personalizados com base no seu comportamento de navega\u00e7\u00e3o e interesses. Estes cookies s\u00e3o utilizados pelos nossos parceiros publicit\u00e1rios.<\/p>\n<h5 class=\"wp-block-heading\"><\/h5>\n<h5 class=\"wp-block-heading\"><\/h5>\n<h5 class=\"wp-block-heading\">3. Cookies de terceiros<\/h5>\n<h5 class=\"wp-block-heading\"><\/h5>\n<p>Algumas das nossas p\u00e1ginas Web podem conter conte\u00fados ou servi\u00e7os fornecidos por terceiros, tais como bot\u00f5es de redes sociais ou v\u00eddeos incorporados. Estes terceiros podem colocar cookies no seu dispositivo e podem ter as suas pr\u00f3prias pol\u00edticas de cookies que se aplicam aos seus servi\u00e7os. N\u00e3o temos controlo sobre estes cookies.<\/p>\n<h5 class=\"wp-block-heading\"><\/h5>\n<h5 class=\"wp-block-heading\">4. Gest\u00e3o de cookies<\/h5>\n<h5 class=\"wp-block-heading\"><\/h5>\n<p>O utilizador pode gerir ou desativar os cookies atrav\u00e9s das defini\u00e7\u00f5es do seu browser. Tenha em aten\u00e7\u00e3o que a desativa\u00e7\u00e3o de determinados cookies pode afetar a funcionalidade e a experi\u00eancia do utilizador do nosso s\u00edtio Web. Normalmente, pode encontrar as defini\u00e7\u00f5es de cookies no menu \u201cOp\u00e7\u00f5es\u201d ou \u201cPrefer\u00eancias\u201d do seu browser.<\/p>\n<p>Especificamente para o Google Analytics, pode optar por n\u00e3o participar instalando o Google Analytics Opt-out Browser Add-on, dispon\u00edvel em https:\/\/tools.google.com\/dlpage\/gaoptout.<\/p>\n<h5 class=\"wp-block-heading\"><\/h5>\n<h5 class=\"wp-block-heading\">5. Altera\u00e7\u00f5es a esta pol\u00edtica de cookies<\/h5>\n<h5 class=\"wp-block-heading\"><\/h5>\n<p>Podemos atualizar esta Pol\u00edtica de Cookies para refletir altera\u00e7\u00f5es na nossa utiliza\u00e7\u00e3o de cookies ou requisitos legais. Quando efectuarmos altera\u00e7\u00f5es, a pol\u00edtica actualizada ser\u00e1 publicada nesta p\u00e1gina com a data da \u201c\u00daltima atualiza\u00e7\u00e3o\u201d.<\/p>\n<h5 class=\"wp-block-heading\"><\/h5>\n<h5 class=\"wp-block-heading\">6. Contactar-nos<\/h5>\n<h5 class=\"wp-block-heading\"><\/h5>\n<p>Se tiver alguma d\u00favida sobre a nossa utiliza\u00e7\u00e3o de cookies ou sobre esta Pol\u00edtica de Cookies, contacte-nos atrav\u00e9s de<\/p>\n<p>Green Power Technologies Ltd<br \/>Correio eletr\u00f3nico: chris@gpt-renewables.com<\/p>\n<h5 class=\"wp-block-heading\"><\/h5>\t\t\t\t\t\t\t\t<\/div>\n\t\t\t\t<\/div>\n\t\t\t\t\t<\/div>\n\t\t\t\t<\/div>\n\t\t\t\t<\/div>","protected":false},"excerpt":{"rendered":"<p>Last Updated: 25\/09\/23 1. What Are Cookies? Cookies are small text files that are stored on your computer or mobile [&hellip;]<\/p>\n","protected":false},"author":2,"featured_media":0,"parent":0,"menu_order":0,"comment_status":"closed","ping_status":"open","template":"","meta":{"content-type":"","_monsterinsights_skip_tracking":false,"_monsterinsights_sitenote_active":false,"_monsterinsights_sitenote_note":"","_monsterinsights_sitenote_category":0,"_uf_show_specific_survey":0,"_uf_disable_surveys":false,"site-sidebar-layout":"default","site-content-layout":"","ast-site-content-layout":"default","site-content-style":"default","site-sidebar-style":"default","ast-global-header-display":"","ast-banner-title-visibility":"","ast-main-header-display":"","ast-hfb-above-header-display":"","ast-hfb-below-header-display":"","ast-hfb-mobile-header-display":"","site-post-title":"","ast-breadcrumbs-content":"","ast-featured-img":"","footer-sml-layout":"","ast-disable-related-posts":"","theme-transparent-header-meta":"","adv-header-id-meta":"","stick-header-meta":"","header-above-stick-meta":"","header-main-stick-meta":"","header-below-stick-meta":"","astra-migrate-meta-layouts":"set","ast-page-background-enabled":"default","ast-page-background-meta":{"desktop":{"background-color":"","background-image":"","background-repeat":"repeat","background-position":"center center","background-size":"auto","background-attachment":"scroll","background-type":"","background-media":"","overlay-type":"","overlay-color":"","overlay-opacity":"","overlay-gradient":""},"tablet":{"background-color":"","background-image":"","background-repeat":"repeat","background-position":"center center","background-size":"auto","background-attachment":"scroll","background-type":"","background-media":"","overlay-type":"","overlay-color":"","overlay-opacity":"","overlay-gradient":""},"mobile":{"background-color":"","background-image":"","background-repeat":"repeat","background-position":"center center","background-size":"auto","background-attachment":"scroll","background-type":"","background-media":"","overlay-type":"","overlay-color":"","overlay-opacity":"","overlay-gradient":""}},"ast-content-background-meta":{"desktop":{"background-color":"var(--ast-global-color-5)","background-image":"","background-repeat":"repeat","background-position":"center center","background-size":"auto","background-attachment":"scroll","background-type":"","background-media":"","overlay-type":"","overlay-color":"","overlay-opacity":"","overlay-gradient":""},"tablet":{"background-color":"var(--ast-global-color-5)","background-image":"","background-repeat":"repeat","background-position":"center center","background-size":"auto","background-attachment":"scroll","background-type":"","background-media":"","overlay-type":"","overlay-color":"","overlay-opacity":"","overlay-gradient":""},"mobile":{"background-color":"var(--ast-global-color-5)","background-image":"","background-repeat":"repeat","background-position":"center center","background-size":"auto","background-attachment":"scroll","background-type":"","background-media":"","overlay-type":"","overlay-color":"","overlay-opacity":"","overlay-gradient":""}},"footnotes":""},"folder":[29],"class_list":["post-1073","page","type-page","status-publish","hentry"],"aioseo_notices":[],"_links":{"self":[{"href":"https:\/\/gpt-renewables.com\/pt\/wp-json\/wp\/v2\/pages\/1073","targetHints":{"allow":["GET"]}}],"collection":[{"href":"https:\/\/gpt-renewables.com\/pt\/wp-json\/wp\/v2\/pages"}],"about":[{"href":"https:\/\/gpt-renewables.com\/pt\/wp-json\/wp\/v2\/types\/page"}],"author":[{"embeddable":true,"href":"https:\/\/gpt-renewables.com\/pt\/wp-json\/wp\/v2\/users\/2"}],"replies":[{"embeddable":true,"href":"https:\/\/gpt-renewables.com\/pt\/wp-json\/wp\/v2\/comments?post=1073"}],"version-history":[{"count":3,"href":"https:\/\/gpt-renewables.com\/pt\/wp-json\/wp\/v2\/pages\/1073\/revisions"}],"predecessor-version":[{"id":3190,"href":"https:\/\/gpt-renewables.com\/pt\/wp-json\/wp\/v2\/pages\/1073\/revisions\/3190"}],"wp:attachment":[{"href":"https:\/\/gpt-renewables.com\/pt\/wp-json\/wp\/v2\/media?parent=1073"}],"wp:term":[{"taxonomy":"folder","embeddable":true,"href":"https:\/\/gpt-renewables.com\/pt\/wp-json\/wp\/v2\/folder?post=1073"}],"curies":[{"name":"wp","href":"https:\/\/api.w.org\/{rel}","templated":true}]}}