{"id":3194,"date":"2024-12-05T01:37:03","date_gmt":"2024-12-05T01:37:03","guid":{"rendered":"https:\/\/gpt-renewables.com\/?page_id=3194"},"modified":"2024-12-09T18:08:09","modified_gmt":"2024-12-09T18:08:09","slug":"projets-renouvelables","status":"publish","type":"page","link":"https:\/\/gpt-renewables.com\/fr\/renewable-projects\/","title":{"rendered":"Projets renouvelables"},"content":{"rendered":"<div data-elementor-type=\"wp-page\" data-elementor-id=\"3194\" class=\"elementor elementor-3194\" data-elementor-settings=\"{&quot;element_pack_global_tooltip_width&quot;:{&quot;unit&quot;:&quot;px&quot;,&quot;size&quot;:&quot;&quot;,&quot;sizes&quot;:[]},&quot;element_pack_global_tooltip_width_tablet&quot;:{&quot;unit&quot;:&quot;px&quot;,&quot;size&quot;:&quot;&quot;,&quot;sizes&quot;:[]},&quot;element_pack_global_tooltip_width_mobile&quot;:{&quot;unit&quot;:&quot;px&quot;,&quot;size&quot;:&quot;&quot;,&quot;sizes&quot;:[]},&quot;element_pack_global_tooltip_padding&quot;:{&quot;unit&quot;:&quot;px&quot;,&quot;top&quot;:&quot;&quot;,&quot;right&quot;:&quot;&quot;,&quot;bottom&quot;:&quot;&quot;,&quot;left&quot;:&quot;&quot;,&quot;isLinked&quot;:true},&quot;element_pack_global_tooltip_padding_tablet&quot;:{&quot;unit&quot;:&quot;px&quot;,&quot;top&quot;:&quot;&quot;,&quot;right&quot;:&quot;&quot;,&quot;bottom&quot;:&quot;&quot;,&quot;left&quot;:&quot;&quot;,&quot;isLinked&quot;:true},&quot;element_pack_global_tooltip_padding_mobile&quot;:{&quot;unit&quot;:&quot;px&quot;,&quot;top&quot;:&quot;&quot;,&quot;right&quot;:&quot;&quot;,&quot;bottom&quot;:&quot;&quot;,&quot;left&quot;:&quot;&quot;,&quot;isLinked&quot;:true},&quot;element_pack_global_tooltip_border_radius&quot;:{&quot;unit&quot;:&quot;px&quot;,&quot;top&quot;:&quot;&quot;,&quot;right&quot;:&quot;&quot;,&quot;bottom&quot;:&quot;&quot;,&quot;left&quot;:&quot;&quot;,&quot;isLinked&quot;:true},&quot;element_pack_global_tooltip_border_radius_tablet&quot;:{&quot;unit&quot;:&quot;px&quot;,&quot;top&quot;:&quot;&quot;,&quot;right&quot;:&quot;&quot;,&quot;bottom&quot;:&quot;&quot;,&quot;left&quot;:&quot;&quot;,&quot;isLinked&quot;:true},&quot;element_pack_global_tooltip_border_radius_mobile&quot;:{&quot;unit&quot;:&quot;px&quot;,&quot;top&quot;:&quot;&quot;,&quot;right&quot;:&quot;&quot;,&quot;bottom&quot;:&quot;&quot;,&quot;left&quot;:&quot;&quot;,&quot;isLinked&quot;:true}}\" data-elementor-post-type=\"page\">\n\t\t\t\t<div data-particle_enable=\"false\" data-particle-mobile-disabled=\"false\" class=\"elementor-element elementor-element-3b30e78 e-flex e-con-boxed elementor-invisible e-con e-parent\" data-id=\"3b30e78\" data-element_type=\"container\" data-e-type=\"container\" data-settings=\"{&quot;background_background&quot;:&quot;classic&quot;,&quot;animation&quot;:&quot;fadeIn&quot;}\">\n\t\t\t\t\t<div class=\"e-con-inner\">\n\t\t\t\t<div class=\"elementor-element elementor-element-b233421 elementor-invisible elementor-widget elementor-widget-heading\" data-id=\"b233421\" data-element_type=\"widget\" data-e-type=\"widget\" data-settings=\"{&quot;_animation&quot;:&quot;fadeInUp&quot;}\" data-widget_type=\"heading.default\">\n\t\t\t\t<div class=\"elementor-widget-container\">\n\t\t\t\t\t<h1 class=\"elementor-heading-title elementor-size-default\">Projets renouvelables<\/h1>\t\t\t\t<\/div>\n\t\t\t\t<\/div>\n\t\t\t\t<div class=\"elementor-element elementor-element-f75226f elementor-widget__width-initial elementor-widget-mobile__width-initial elementor-invisible elementor-widget elementor-widget-heading\" data-id=\"f75226f\" data-element_type=\"widget\" data-e-type=\"widget\" data-settings=\"{&quot;_animation&quot;:&quot;fadeInUp&quot;}\" data-widget_type=\"heading.default\">\n\t\t\t\t<div class=\"elementor-widget-container\">\n\t\t\t\t\t<h2 class=\"elementor-heading-title elementor-size-default\">D\u00e9bloquez la puissance des \u00e9nergies renouvelables pour votre entreprise\n<\/h2>\t\t\t\t<\/div>\n\t\t\t\t<\/div>\n\t\t\t\t\t<\/div>\n\t\t\t\t<\/div>\n\t\t<div data-particle_enable=\"false\" data-particle-mobile-disabled=\"false\" class=\"elementor-element elementor-element-a54818a e-flex e-con-boxed e-con e-parent\" data-id=\"a54818a\" data-element_type=\"container\" data-e-type=\"container\">\n\t\t\t\t\t<div class=\"e-con-inner\">\n\t\t\t\t<div class=\"elementor-element elementor-element-a49b9cc allunderline elementor-widget elementor-widget-heading\" data-id=\"a49b9cc\" data-element_type=\"widget\" data-e-type=\"widget\" data-widget_type=\"heading.default\">\n\t\t\t\t<div class=\"elementor-widget-container\">\n\t\t\t\t\t<h2 class=\"elementor-heading-title elementor-size-default\">Notre<u>Processus<\/u><\/h2>\t\t\t\t<\/div>\n\t\t\t\t<\/div>\n\t\t\t\t<div class=\"elementor-element elementor-element-3fd476e elementor-widget elementor-widget-text-editor\" data-id=\"3fd476e\" data-element_type=\"widget\" data-e-type=\"widget\" data-widget_type=\"text-editor.default\">\n\t\t\t\t<div class=\"elementor-widget-container\">\n\t\t\t\t\t\t\t\t\t<p><span style=\"font-weight: 400;\">Chez Green Power Technologies, nous prenons en charge toutes les \u00e9tapes de votre projet d'\u00e9nergie renouvelable, de la consultation initiale \u00e0 la maintenance \u00e0 long terme. Nous fournissons des solutions sur mesure con\u00e7ues pour maximiser l'efficacit\u00e9 \u00e9nerg\u00e9tique, r\u00e9duire les co\u00fbts et aider votre entreprise \u00e0 passer au vert en toute confiance.<\/span><\/p>\t\t\t\t\t\t\t\t<\/div>\n\t\t\t\t<\/div>\n\t\t\t\t\t<\/div>\n\t\t\t\t<\/div>\n\t\t<div data-particle_enable=\"false\" data-particle-mobile-disabled=\"false\" class=\"elementor-element elementor-element-b56decb e-flex e-con-boxed e-con e-parent\" data-id=\"b56decb\" data-element_type=\"container\" data-e-type=\"container\">\n\t\t\t\t\t<div class=\"e-con-inner\">\n\t\t<div data-particle_enable=\"false\" data-particle-mobile-disabled=\"false\" class=\"elementor-element elementor-element-07be78c e-con-full e-flex e-con e-child\" data-id=\"07be78c\" data-element_type=\"container\" data-e-type=\"container\">\n\t\t\t\t<div class=\"elementor-element elementor-element-b66fb6a bdt-icon-type-image bdt-direction-animation--yes bdt-icon-effect-none elementor-widget elementor-widget-bdt-step-flow\" data-id=\"b66fb6a\" data-element_type=\"widget\" data-e-type=\"widget\" data-widget_type=\"bdt-step-flow.default\">\n\t\t\t\t<div class=\"elementor-widget-container\">\n\t\t\t\t\t\t\t<div class=\"bdt-step-flow\">\n\t\t\t\t\t<div class=\"bdt-step-flow-icon\">\n\t\t\t<span class=\"bdt-icon-wrapper\">\n\t\t\t\t\t\t\t\t\t<img fetchpriority=\"high\" decoding=\"async\" width=\"1080\" height=\"1080\" src=\"https:\/\/gpt-renewables.com\/wp-content\/uploads\/2024\/12\/consultation-gpt.jpg\" class=\"attachment-full size-full\" alt=\"Consultation\" srcset=\"https:\/\/gpt-renewables.com\/wp-content\/uploads\/2024\/12\/consultation-gpt.jpg 1080w, https:\/\/gpt-renewables.com\/wp-content\/uploads\/2024\/12\/consultation-gpt-300x300.jpg 300w, https:\/\/gpt-renewables.com\/wp-content\/uploads\/2024\/12\/consultation-gpt-1024x1024.jpg 1024w, https:\/\/gpt-renewables.com\/wp-content\/uploads\/2024\/12\/consultation-gpt-150x150.jpg 150w, https:\/\/gpt-renewables.com\/wp-content\/uploads\/2024\/12\/consultation-gpt-768x768.jpg 768w\" sizes=\"(max-width: 1080px) 100vw, 1080px\" \/>\t\t\t\t\t\t\t<\/span>\n\t\t<\/div>\n\t\t\t\t\t<div class=\"bdt-step-flow-content\">\n\t\t\t\t\t\t<h3 class=\"bdt-step-flow-title\">\n\t\t\t<span >\n\t\t\t\tConsultation\t\t\t<\/span>\n\t\t<\/h3>\n\t\t\t\t\t\t\t\t\t\t\t\t\t\t\t<div class=\"bdt-step-flow-description\">\n\t\t\t\t\t\tNos experts \u00e9valuent vos besoins en \u00e9nergie et con\u00e7oivent un plan personnalis\u00e9 pour des solutions \u00e9nerg\u00e9tiques durables. Commencez votre voyage et contactez-nous d\u00e8s aujourd'hui !\t\t\t\t\t<\/div>\n\t\t\t\t\t\t\t\t\t\t\t<\/div>\n\t\t\t\t\t\t\t\t\t<div class=\"bdt-direction-svg\">\n\t\t\t<img decoding=\"async\" class=\"bdt-animation-stroke\" data-bdt-svg=\"stroke-animation: true\" src=\"https:\/\/gpt-renewables.com\/wp-content\/plugins\/bdthemes-element-pack\/assets\/images\/direction\/step-1.svg\" alt=\"Fl\u00e8ches de direction\">\n\t\t<\/div>\n\t\t\t\t\t\t\t<\/div>\n\t\t\t\t\t<div class=\"bdt-step-flow-badge bdt-position-top-center\">\n\t\t\t\t<span class=\"bdt-badge\">\u00c9tape 01<\/span>\n\t\t\t<\/div>\n\t\t\t\t\t\t\t\t<\/div>\n\t\t\t\t<\/div>\n\t\t\t\t<\/div>\n\t\t<div data-particle_enable=\"false\" data-particle-mobile-disabled=\"false\" class=\"elementor-element elementor-element-1405971 e-con-full e-flex e-con e-child\" data-id=\"1405971\" data-element_type=\"container\" data-e-type=\"container\">\n\t\t\t\t<div class=\"elementor-element elementor-element-20b5b3e bdt-icon-type-image bdt-direction-animation--yes bdt-icon-effect-none elementor-widget elementor-widget-bdt-step-flow\" data-id=\"20b5b3e\" data-element_type=\"widget\" data-e-type=\"widget\" data-widget_type=\"bdt-step-flow.default\">\n\t\t\t\t<div class=\"elementor-widget-container\">\n\t\t\t\t\t\t\t<div class=\"bdt-step-flow\">\n\t\t\t\t\t<div class=\"bdt-step-flow-icon\">\n\t\t\t<span class=\"bdt-icon-wrapper\">\n\t\t\t\t\t\t\t\t\t<img decoding=\"async\" width=\"1080\" height=\"1080\" src=\"https:\/\/gpt-renewables.com\/wp-content\/uploads\/2024\/12\/project-design-gpt.jpg\" class=\"attachment-full size-full\" alt=\"Conception\" srcset=\"https:\/\/gpt-renewables.com\/wp-content\/uploads\/2024\/12\/project-design-gpt.jpg 1080w, https:\/\/gpt-renewables.com\/wp-content\/uploads\/2024\/12\/project-design-gpt-300x300.jpg 300w, https:\/\/gpt-renewables.com\/wp-content\/uploads\/2024\/12\/project-design-gpt-1024x1024.jpg 1024w, https:\/\/gpt-renewables.com\/wp-content\/uploads\/2024\/12\/project-design-gpt-150x150.jpg 150w, https:\/\/gpt-renewables.com\/wp-content\/uploads\/2024\/12\/project-design-gpt-768x768.jpg 768w\" sizes=\"(max-width: 1080px) 100vw, 1080px\" \/>\t\t\t\t\t\t\t<\/span>\n\t\t<\/div>\n\t\t\t\t\t<div class=\"bdt-step-flow-content\">\n\t\t\t\t\t\t<h3 class=\"bdt-step-flow-title\">\n\t\t\t<span >\n\t\t\t\tConception\t\t\t<\/span>\n\t\t<\/h3>\n\t\t\t\t\t\t\t\t\t\t\t\t\t\t\t<div class=\"bdt-step-flow-description\">\n\t\t\t\t\t\tNous proposons des conceptions sur mesure qui s'alignent sur vos besoins commerciaux - \u00e9volutives, efficaces et con\u00e7ues pour des \u00e9conomies \u00e0 long terme.\t\t\t\t\t<\/div>\n\t\t\t\t\t\t\t\t\t\t\t<\/div>\n\t\t\t\t\t\t\t\t\t<div class=\"bdt-direction-svg\">\n\t\t\t<img decoding=\"async\" class=\"bdt-animation-stroke\" data-bdt-svg=\"stroke-animation: true\" src=\"https:\/\/gpt-renewables.com\/wp-content\/plugins\/bdthemes-element-pack\/assets\/images\/direction\/step-1.svg\" alt=\"Fl\u00e8ches de direction\">\n\t\t<\/div>\n\t\t\t\t\t\t\t<\/div>\n\t\t\t\t\t<div class=\"bdt-step-flow-badge bdt-position-top-center\">\n\t\t\t\t<span class=\"bdt-badge\">\u00c9tape 02<\/span>\n\t\t\t<\/div>\n\t\t\t\t\t\t\t\t<\/div>\n\t\t\t\t<\/div>\n\t\t\t\t<\/div>\n\t\t<div data-particle_enable=\"false\" data-particle-mobile-disabled=\"false\" class=\"elementor-element elementor-element-0eb7eb2 e-con-full e-flex e-con e-child\" data-id=\"0eb7eb2\" data-element_type=\"container\" data-e-type=\"container\">\n\t\t\t\t<div class=\"elementor-element elementor-element-52b808e bdt-icon-type-image bdt-direction-animation--yes bdt-icon-effect-none elementor-widget elementor-widget-bdt-step-flow\" data-id=\"52b808e\" data-element_type=\"widget\" data-e-type=\"widget\" data-widget_type=\"bdt-step-flow.default\">\n\t\t\t\t<div class=\"elementor-widget-container\">\n\t\t\t\t\t\t\t<div class=\"bdt-step-flow\">\n\t\t\t\t\t<div class=\"bdt-step-flow-icon\">\n\t\t\t<span class=\"bdt-icon-wrapper\">\n\t\t\t\t\t\t\t\t\t<img decoding=\"async\" width=\"1080\" height=\"1080\" src=\"https:\/\/gpt-renewables.com\/wp-content\/uploads\/2024\/12\/renewable-solutions-gpt.jpg\" class=\"attachment-full size-full\" alt=\"Construire\" srcset=\"https:\/\/gpt-renewables.com\/wp-content\/uploads\/2024\/12\/renewable-solutions-gpt.jpg 1080w, https:\/\/gpt-renewables.com\/wp-content\/uploads\/2024\/12\/renewable-solutions-gpt-300x300.jpg 300w, https:\/\/gpt-renewables.com\/wp-content\/uploads\/2024\/12\/renewable-solutions-gpt-1024x1024.jpg 1024w, https:\/\/gpt-renewables.com\/wp-content\/uploads\/2024\/12\/renewable-solutions-gpt-150x150.jpg 150w, https:\/\/gpt-renewables.com\/wp-content\/uploads\/2024\/12\/renewable-solutions-gpt-768x768.jpg 768w\" sizes=\"(max-width: 1080px) 100vw, 1080px\" \/>\t\t\t\t\t\t\t<\/span>\n\t\t<\/div>\n\t\t\t\t\t<div class=\"bdt-step-flow-content\">\n\t\t\t\t\t\t<h3 class=\"bdt-step-flow-title\">\n\t\t\t<span >\n\t\t\t\tConstruire\t\t\t<\/span>\n\t\t<\/h3>\n\t\t\t\t\t\t\t\t\t\t\t\t\t\t\t<div class=\"bdt-step-flow-description\">\n\t\t\t\t\t\tNotre \u00e9quipe qualifi\u00e9e assure une construction sans faille avec un minimum de perturbations, en adh\u00e9rant aux normes de s\u00e9curit\u00e9 et de qualit\u00e9 les plus \u00e9lev\u00e9es.\t\t\t\t\t<\/div>\n\t\t\t\t\t\t\t\t\t\t\t<\/div>\n\t\t\t\t\t\t\t\t\t<div class=\"bdt-direction-svg\">\n\t\t\t<img decoding=\"async\" class=\"bdt-animation-stroke\" data-bdt-svg=\"stroke-animation: true\" src=\"https:\/\/gpt-renewables.com\/wp-content\/plugins\/bdthemes-element-pack\/assets\/images\/direction\/step-1.svg\" alt=\"Fl\u00e8ches de direction\">\n\t\t<\/div>\n\t\t\t\t\t\t\t<\/div>\n\t\t\t\t\t<div class=\"bdt-step-flow-badge bdt-position-top-center\">\n\t\t\t\t<span class=\"bdt-badge\">\u00c9tape 03<\/span>\n\t\t\t<\/div>\n\t\t\t\t\t\t\t\t<\/div>\n\t\t\t\t<\/div>\n\t\t\t\t<\/div>\n\t\t<div data-particle_enable=\"false\" data-particle-mobile-disabled=\"false\" class=\"elementor-element elementor-element-6d64f27 e-con-full e-flex e-con e-child\" data-id=\"6d64f27\" data-element_type=\"container\" data-e-type=\"container\">\n\t\t\t\t<div class=\"elementor-element elementor-element-82ae3bb bdt-icon-type-image bdt-direction-animation--yes bdt-icon-effect-none elementor-widget elementor-widget-bdt-step-flow\" data-id=\"82ae3bb\" data-element_type=\"widget\" data-e-type=\"widget\" data-widget_type=\"bdt-step-flow.default\">\n\t\t\t\t<div class=\"elementor-widget-container\">\n\t\t\t\t\t\t\t<div class=\"bdt-step-flow\">\n\t\t\t\t\t<div class=\"bdt-step-flow-icon\">\n\t\t\t<span class=\"bdt-icon-wrapper\">\n\t\t\t\t\t\t\t\t\t<img loading=\"lazy\" decoding=\"async\" width=\"1080\" height=\"1080\" src=\"https:\/\/gpt-renewables.com\/wp-content\/uploads\/2024\/12\/installation-gpt.jpg\" class=\"attachment-full size-full\" alt=\"Installer\" srcset=\"https:\/\/gpt-renewables.com\/wp-content\/uploads\/2024\/12\/installation-gpt.jpg 1080w, https:\/\/gpt-renewables.com\/wp-content\/uploads\/2024\/12\/installation-gpt-300x300.jpg 300w, https:\/\/gpt-renewables.com\/wp-content\/uploads\/2024\/12\/installation-gpt-1024x1024.jpg 1024w, https:\/\/gpt-renewables.com\/wp-content\/uploads\/2024\/12\/installation-gpt-150x150.jpg 150w, https:\/\/gpt-renewables.com\/wp-content\/uploads\/2024\/12\/installation-gpt-768x768.jpg 768w\" sizes=\"(max-width: 1080px) 100vw, 1080px\" \/>\t\t\t\t\t\t\t<\/span>\n\t\t<\/div>\n\t\t\t\t\t<div class=\"bdt-step-flow-content\">\n\t\t\t\t\t\t<h3 class=\"bdt-step-flow-title\">\n\t\t\t<span >\n\t\t\t\tInstaller\t\t\t<\/span>\n\t\t<\/h3>\n\t\t\t\t\t\t\t\t\t\t\t\t\t\t\t<div class=\"bdt-step-flow-description\">\n\t\t\t\t\t\tNos techniciens certifi\u00e9s garantissent une installation impeccable qui permet de r\u00e9aliser des \u00e9conomies d'\u00e9nergie imm\u00e9diates.\t\t\t\t\t<\/div>\n\t\t\t\t\t\t\t\t\t\t\t<\/div>\n\t\t\t\t\t\t\t\t\t<div class=\"bdt-direction-svg\">\n\t\t\t<img decoding=\"async\" class=\"bdt-animation-stroke\" data-bdt-svg=\"stroke-animation: true\" src=\"https:\/\/gpt-renewables.com\/wp-content\/plugins\/bdthemes-element-pack\/assets\/images\/direction\/step-1.svg\" alt=\"Fl\u00e8ches de direction\">\n\t\t<\/div>\n\t\t\t\t\t\t\t<\/div>\n\t\t\t\t\t<div class=\"bdt-step-flow-badge bdt-position-top-center\">\n\t\t\t\t<span class=\"bdt-badge\">\u00c9tape 04<\/span>\n\t\t\t<\/div>\n\t\t\t\t\t\t\t\t<\/div>\n\t\t\t\t<\/div>\n\t\t\t\t<\/div>\n\t\t<div data-particle_enable=\"false\" data-particle-mobile-disabled=\"false\" class=\"elementor-element elementor-element-ba85d1c e-con-full e-flex e-con e-child\" data-id=\"ba85d1c\" data-element_type=\"container\" data-e-type=\"container\">\n\t\t\t\t<div class=\"elementor-element elementor-element-425c72d bdt-icon-type-image bdt-icon-effect-none elementor-widget elementor-widget-bdt-step-flow\" data-id=\"425c72d\" data-element_type=\"widget\" data-e-type=\"widget\" data-widget_type=\"bdt-step-flow.default\">\n\t\t\t\t<div class=\"elementor-widget-container\">\n\t\t\t\t\t\t\t<div class=\"bdt-step-flow\">\n\t\t\t\t\t<div class=\"bdt-step-flow-icon\">\n\t\t\t<span class=\"bdt-icon-wrapper\">\n\t\t\t\t\t\t\t\t\t<img loading=\"lazy\" decoding=\"async\" width=\"1080\" height=\"1080\" src=\"https:\/\/gpt-renewables.com\/wp-content\/uploads\/2024\/12\/gpt-maintenance.jpg\" class=\"attachment-full size-full\" alt=\"Maintenir\" srcset=\"https:\/\/gpt-renewables.com\/wp-content\/uploads\/2024\/12\/gpt-maintenance.jpg 1080w, https:\/\/gpt-renewables.com\/wp-content\/uploads\/2024\/12\/gpt-maintenance-300x300.jpg 300w, https:\/\/gpt-renewables.com\/wp-content\/uploads\/2024\/12\/gpt-maintenance-1024x1024.jpg 1024w, https:\/\/gpt-renewables.com\/wp-content\/uploads\/2024\/12\/gpt-maintenance-150x150.jpg 150w, https:\/\/gpt-renewables.com\/wp-content\/uploads\/2024\/12\/gpt-maintenance-768x768.jpg 768w\" sizes=\"(max-width: 1080px) 100vw, 1080px\" \/>\t\t\t\t\t\t\t<\/span>\n\t\t<\/div>\n\t\t\t\t\t<div class=\"bdt-step-flow-content\">\n\t\t\t\t\t\t<h3 class=\"bdt-step-flow-title\">\n\t\t\t<span >\n\t\t\t\tMaintenir\t\t\t<\/span>\n\t\t<\/h3>\n\t\t\t\t\t\t\t\t\t\t\t\t\t\t\t<div class=\"bdt-step-flow-description\">\n\t\t\t\t\t\tNous proposons des services d'entretien complets pour que votre syst\u00e8me fonctionne efficacement, garantissant ainsi une fiabilit\u00e9 \u00e0 long terme et une tranquillit\u00e9 d'esprit.\t\t\t\t\t<\/div>\n\t\t\t\t\t\t\t\t\t\t\t<\/div>\n\t\t\t\t\t<\/div>\n\t\t\t\t\t<div class=\"bdt-step-flow-badge bdt-position-top-center\">\n\t\t\t\t<span class=\"bdt-badge\">\u00c9tape 05<\/span>\n\t\t\t<\/div>\n\t\t\t\t\t\t\t\t<\/div>\n\t\t\t\t<\/div>\n\t\t\t\t<\/div>\n\t\t\t\t\t<\/div>\n\t\t\t\t<\/div>\n\t\t<div data-particle_enable=\"false\" data-particle-mobile-disabled=\"false\" class=\"elementor-element elementor-element-76f54f1 e-flex e-con-boxed e-con e-parent\" data-id=\"76f54f1\" data-element_type=\"container\" data-e-type=\"container\">\n\t\t\t\t\t<div class=\"e-con-inner\">\n\t\t\t\t<div class=\"elementor-element elementor-element-a1482fd elementor-mobile-align-center elementor-align-center elementor-widget elementor-widget-button\" data-id=\"a1482fd\" data-element_type=\"widget\" data-e-type=\"widget\" data-widget_type=\"button.default\">\n\t\t\t\t<div class=\"elementor-widget-container\">\n\t\t\t\t\t\t\t\t\t<div class=\"elementor-button-wrapper\">\n\t\t\t\t\t<a class=\"elementor-button elementor-button-link elementor-size-sm\" href=\"https:\/\/gpt-renewables.com\/fr\/our-projects\/\">\n\t\t\t\t\t\t<span class=\"elementor-button-content-wrapper\">\n\t\t\t\t\t\t\t\t\t<span class=\"elementor-button-text\">Voir nos projets<\/span>\n\t\t\t\t\t<\/span>\n\t\t\t\t\t<\/a>\n\t\t\t\t<\/div>\n\t\t\t\t\t\t\t\t<\/div>\n\t\t\t\t<\/div>\n\t\t\t\t\t<\/div>\n\t\t\t\t<\/div>\n\t\t<div data-particle_enable=\"false\" data-particle-mobile-disabled=\"false\" class=\"elementor-element elementor-element-2d2ec45 e-flex e-con-boxed elementor-invisible e-con e-parent\" data-id=\"2d2ec45\" data-element_type=\"container\" data-e-type=\"container\" data-settings=\"{&quot;background_background&quot;:&quot;classic&quot;,&quot;animation&quot;:&quot;fadeInUp&quot;}\">\n\t\t\t\t\t<div class=\"e-con-inner\">\n\t\t<div data-particle_enable=\"false\" data-particle-mobile-disabled=\"false\" class=\"elementor-element elementor-element-b0aee27 e-con-full e-flex e-con e-child\" data-id=\"b0aee27\" data-element_type=\"container\" data-e-type=\"container\" data-settings=\"{&quot;background_background&quot;:&quot;classic&quot;}\">\n\t\t\t\t<div class=\"elementor-element elementor-element-9333421 allunderline elementor-widget elementor-widget-heading\" data-id=\"9333421\" data-element_type=\"widget\" data-e-type=\"widget\" data-widget_type=\"heading.default\">\n\t\t\t\t<div class=\"elementor-widget-container\">\n\t\t\t\t\t<h2 class=\"elementor-heading-title elementor-size-default\">Pr\u00eat \u00e0 alimenter votre entreprise en \u00e9nergie renouvelable ?\n<\/h2>\t\t\t\t<\/div>\n\t\t\t\t<\/div>\n\t\t\t\t<div class=\"elementor-element elementor-element-c80fcbd elementor-widget elementor-widget-heading\" data-id=\"c80fcbd\" data-element_type=\"widget\" data-e-type=\"widget\" data-widget_type=\"heading.default\">\n\t\t\t\t<div class=\"elementor-widget-container\">\n\t\t\t\t\t<p class=\"elementor-heading-title elementor-size-default\">Faites le premier pas vers la durabilit\u00e9 et contactez-nous d\u00e8s aujourd'hui !\n<\/p>\t\t\t\t<\/div>\n\t\t\t\t<\/div>\n\t\t\t\t<div class=\"elementor-element elementor-element-50a9541 elementor-mobile-align-center elementor-align-center elementor-widget elementor-widget-button\" data-id=\"50a9541\" data-element_type=\"widget\" data-e-type=\"widget\" data-widget_type=\"button.default\">\n\t\t\t\t<div class=\"elementor-widget-container\">\n\t\t\t\t\t\t\t\t\t<div class=\"elementor-button-wrapper\">\n\t\t\t\t\t<a class=\"elementor-button elementor-button-link elementor-size-sm\" href=\"https:\/\/gpt-renewables.com\/fr\/contact-us\/\">\n\t\t\t\t\t\t<span class=\"elementor-button-content-wrapper\">\n\t\t\t\t\t\t\t\t\t<span class=\"elementor-button-text\">Nous contacter<\/span>\n\t\t\t\t\t<\/span>\n\t\t\t\t\t<\/a>\n\t\t\t\t<\/div>\n\t\t\t\t\t\t\t\t<\/div>\n\t\t\t\t<\/div>\n\t\t\t\t<\/div>\n\t\t\t\t\t<\/div>\n\t\t\t\t<\/div>\n\t\t\t\t<\/div>","protected":false},"excerpt":{"rendered":"<p>Renewable Projects Unlock the Power of Renewable Energy for Your Business OurProcess At Green Power Technologies, we handle every step [&hellip;]<\/p>\n","protected":false},"author":2,"featured_media":0,"parent":0,"menu_order":0,"comment_status":"closed","ping_status":"closed","template":"","meta":{"content-type":"","_monsterinsights_skip_tracking":false,"_monsterinsights_sitenote_active":false,"_monsterinsights_sitenote_note":"","_monsterinsights_sitenote_category":0,"_uf_show_specific_survey":0,"_uf_disable_surveys":false,"site-sidebar-layout":"no-sidebar","site-content-layout":"page-builder","ast-site-content-layout":"full-width-container","site-content-style":"default","site-sidebar-style":"default","ast-global-header-display":"","ast-banner-title-visibility":"","ast-main-header-display":"","ast-hfb-above-header-display":"","ast-hfb-below-header-display":"","ast-hfb-mobile-header-display":"","site-post-title":"disabled","ast-breadcrumbs-content":"","ast-featured-img":"disabled","footer-sml-layout":"","ast-disable-related-posts":"","theme-transparent-header-meta":"","adv-header-id-meta":"","stick-header-meta":"","header-above-stick-meta":"","header-main-stick-meta":"","header-below-stick-meta":"","astra-migrate-meta-layouts":"set","ast-page-background-enabled":"default","ast-page-background-meta":{"desktop":{"background-color":"","background-image":"","background-repeat":"repeat","background-position":"center center","background-size":"auto","background-attachment":"scroll","background-type":"","background-media":"","overlay-type":"","overlay-color":"","overlay-opacity":"","overlay-gradient":""},"tablet":{"background-color":"","background-image":"","background-repeat":"repeat","background-position":"center center","background-size":"auto","background-attachment":"scroll","background-type":"","background-media":"","overlay-type":"","overlay-color":"","overlay-opacity":"","overlay-gradient":""},"mobile":{"background-color":"","background-image":"","background-repeat":"repeat","background-position":"center center","background-size":"auto","background-attachment":"scroll","background-type":"","background-media":"","overlay-type":"","overlay-color":"","overlay-opacity":"","overlay-gradient":""}},"ast-content-background-meta":{"desktop":{"background-color":"var(--ast-global-color-5)","background-image":"","background-repeat":"repeat","background-position":"center center","background-size":"auto","background-attachment":"scroll","background-type":"","background-media":"","overlay-type":"","overlay-color":"","overlay-opacity":"","overlay-gradient":""},"tablet":{"background-color":"var(--ast-global-color-5)","background-image":"","background-repeat":"repeat","background-position":"center center","background-size":"auto","background-attachment":"scroll","background-type":"","background-media":"","overlay-type":"","overlay-color":"","overlay-opacity":"","overlay-gradient":""},"mobile":{"background-color":"var(--ast-global-color-5)","background-image":"","background-repeat":"repeat","background-position":"center center","background-size":"auto","background-attachment":"scroll","background-type":"","background-media":"","overlay-type":"","overlay-color":"","overlay-opacity":"","overlay-gradient":""}},"footnotes":""},"folder":[29],"class_list":["post-3194","page","type-page","status-publish","hentry"],"aioseo_notices":[],"_links":{"self":[{"href":"https:\/\/gpt-renewables.com\/fr\/wp-json\/wp\/v2\/pages\/3194","targetHints":{"allow":["GET"]}}],"collection":[{"href":"https:\/\/gpt-renewables.com\/fr\/wp-json\/wp\/v2\/pages"}],"about":[{"href":"https:\/\/gpt-renewables.com\/fr\/wp-json\/wp\/v2\/types\/page"}],"author":[{"embeddable":true,"href":"https:\/\/gpt-renewables.com\/fr\/wp-json\/wp\/v2\/users\/2"}],"replies":[{"embeddable":true,"href":"https:\/\/gpt-renewables.com\/fr\/wp-json\/wp\/v2\/comments?post=3194"}],"version-history":[{"count":35,"href":"https:\/\/gpt-renewables.com\/fr\/wp-json\/wp\/v2\/pages\/3194\/revisions"}],"predecessor-version":[{"id":4078,"href":"https:\/\/gpt-renewables.com\/fr\/wp-json\/wp\/v2\/pages\/3194\/revisions\/4078"}],"wp:attachment":[{"href":"https:\/\/gpt-renewables.com\/fr\/wp-json\/wp\/v2\/media?parent=3194"}],"wp:term":[{"taxonomy":"folder","embeddable":true,"href":"https:\/\/gpt-renewables.com\/fr\/wp-json\/wp\/v2\/folder?post=3194"}],"curies":[{"name":"wp","href":"https:\/\/api.w.org\/{rel}","templated":true}]}}