{"id":3,"date":"2023-09-20T14:23:47","date_gmt":"2023-09-20T13:23:47","guid":{"rendered":"https:\/\/gpt-renewables.com\/?page_id=3"},"modified":"2024-12-02T14:41:50","modified_gmt":"2024-12-02T14:41:50","slug":"politique-de-confidentialite","status":"publish","type":"page","link":"https:\/\/gpt-renewables.com\/fr\/privacy-policy\/","title":{"rendered":"Politique de confidentialit\u00e9"},"content":{"rendered":"<div data-elementor-type=\"wp-page\" data-elementor-id=\"3\" class=\"elementor elementor-3\" data-elementor-settings=\"{&quot;element_pack_global_tooltip_width&quot;:{&quot;unit&quot;:&quot;px&quot;,&quot;size&quot;:&quot;&quot;,&quot;sizes&quot;:[]},&quot;element_pack_global_tooltip_width_tablet&quot;:{&quot;unit&quot;:&quot;px&quot;,&quot;size&quot;:&quot;&quot;,&quot;sizes&quot;:[]},&quot;element_pack_global_tooltip_width_mobile&quot;:{&quot;unit&quot;:&quot;px&quot;,&quot;size&quot;:&quot;&quot;,&quot;sizes&quot;:[]},&quot;element_pack_global_tooltip_padding&quot;:{&quot;unit&quot;:&quot;px&quot;,&quot;top&quot;:&quot;&quot;,&quot;right&quot;:&quot;&quot;,&quot;bottom&quot;:&quot;&quot;,&quot;left&quot;:&quot;&quot;,&quot;isLinked&quot;:true},&quot;element_pack_global_tooltip_padding_tablet&quot;:{&quot;unit&quot;:&quot;px&quot;,&quot;top&quot;:&quot;&quot;,&quot;right&quot;:&quot;&quot;,&quot;bottom&quot;:&quot;&quot;,&quot;left&quot;:&quot;&quot;,&quot;isLinked&quot;:true},&quot;element_pack_global_tooltip_padding_mobile&quot;:{&quot;unit&quot;:&quot;px&quot;,&quot;top&quot;:&quot;&quot;,&quot;right&quot;:&quot;&quot;,&quot;bottom&quot;:&quot;&quot;,&quot;left&quot;:&quot;&quot;,&quot;isLinked&quot;:true},&quot;element_pack_global_tooltip_border_radius&quot;:{&quot;unit&quot;:&quot;px&quot;,&quot;top&quot;:&quot;&quot;,&quot;right&quot;:&quot;&quot;,&quot;bottom&quot;:&quot;&quot;,&quot;left&quot;:&quot;&quot;,&quot;isLinked&quot;:true},&quot;element_pack_global_tooltip_border_radius_tablet&quot;:{&quot;unit&quot;:&quot;px&quot;,&quot;top&quot;:&quot;&quot;,&quot;right&quot;:&quot;&quot;,&quot;bottom&quot;:&quot;&quot;,&quot;left&quot;:&quot;&quot;,&quot;isLinked&quot;:true},&quot;element_pack_global_tooltip_border_radius_mobile&quot;:{&quot;unit&quot;:&quot;px&quot;,&quot;top&quot;:&quot;&quot;,&quot;right&quot;:&quot;&quot;,&quot;bottom&quot;:&quot;&quot;,&quot;left&quot;:&quot;&quot;,&quot;isLinked&quot;:true}}\" data-elementor-post-type=\"page\">\n\t\t\t\t<div data-particle_enable=\"false\" data-particle-mobile-disabled=\"false\" class=\"elementor-element elementor-element-7a06751e e-flex e-con-boxed e-con e-parent\" data-id=\"7a06751e\" data-element_type=\"container\" data-e-type=\"container\">\n\t\t\t\t\t<div class=\"e-con-inner\">\n\t\t\t\t<div class=\"elementor-element elementor-element-601616ae elementor-widget elementor-widget-text-editor\" data-id=\"601616ae\" data-element_type=\"widget\" data-e-type=\"widget\" data-widget_type=\"text-editor.default\">\n\t\t\t\t<div class=\"elementor-widget-container\">\n\t\t\t\t\t\t\t\t\t\n<h5 class=\"wp-block-heading\">1. Contr\u00f4leur de donn\u00e9es <\/h5>\n<p>Green Power Technologies Ltd<br \/>Courriel : chris@gpt-renewables.com<\/p>\n<h5 class=\"wp-block-heading\"><\/h5>\n<h5 class=\"wp-block-heading\">2. Collecte des donn\u00e9es<\/h5>\n<h5 class=\"wp-block-heading\"><\/h5>\n<p>Nous agissons en tant que contr\u00f4leur des donn\u00e9es pour les informations personnelles collect\u00e9es par le biais de notre site web. Les donn\u00e9es sont collect\u00e9es par le biais des formulaires de demande de renseignements des clients et de Google Analytics, qui nous aide \u00e0 mesurer les performances des campagnes de marketing par rapport aux d\u00e9penses.<\/p>\n<h5 class=\"wp-block-heading\"><\/h5>\n<h5 class=\"wp-block-heading\"><\/h5>\n<h5 class=\"wp-block-heading\">3. Types de donn\u00e9es collect\u00e9es<\/h5>\n<h5 class=\"wp-block-heading\"><\/h5>\n<p>Nous collectons les types de donn\u00e9es personnelles suivants :<\/p>\n<p>Noms<br \/>Adresses \u00e9lectroniques<br \/>D\u00e9tails de la demande<br \/>Analyse des campagnes de marketing<\/p>\n<h5 class=\"wp-block-heading\"><\/h5>\n<h5 class=\"wp-block-heading\">4. Objectif de la collecte de donn\u00e9es<\/h5>\n<h5 class=\"wp-block-heading\"><\/h5>\n<p>Les donn\u00e9es que nous collectons sont utilis\u00e9es aux fins suivantes :<\/p>\n<p>R\u00e9pondre aux demandes de renseignements et aux requ\u00eates des clients<br \/>Pour analyser et am\u00e9liorer nos campagnes de marketing<br \/>Assurer la s\u00e9curit\u00e9 et la fonctionnalit\u00e9 de notre site web<\/p>\n<h5 class=\"wp-block-heading\"><\/h5>\n<h5 class=\"wp-block-heading\">5. Base juridique du traitement des donn\u00e9es<\/h5>\n<h5 class=\"wp-block-heading\"><\/h5>\n<p>Nous traitons les donn\u00e9es personnelles sur la base des int\u00e9r\u00eats l\u00e9gitimes de notre entreprise et pour remplir nos obligations contractuelles avec les clients.<\/p>\n<h5 class=\"wp-block-heading\"><\/h5>\n<h5 class=\"wp-block-heading\">6. Conservation des donn\u00e9es<\/h5>\n<h5 class=\"wp-block-heading\"><\/h5>\n<p>Les demandes de renseignements et les donn\u00e9es connexes sont conserv\u00e9es en toute s\u00e9curit\u00e9 dans notre base de donn\u00e9es aussi longtemps que n\u00e9cessaire pour atteindre les objectifs pour lesquels elles ont \u00e9t\u00e9 collect\u00e9es ou que l'exige la l\u00e9gislation en vigueur.<\/p>\n<h5 class=\"wp-block-heading\"><\/h5>\n<h5 class=\"wp-block-heading\">7. Partage des donn\u00e9es<\/h5>\n<h5 class=\"wp-block-heading\"><\/h5>\n<h5 class=\"wp-block-heading\"><\/h5>\n<p>Si vous manifestez de l'int\u00e9r\u00eat pour nos services, nous pourrons communiquer vos coordonn\u00e9es \u00e0 un entrepreneur appropri\u00e9 afin qu'il \u00e9tablisse un devis pour vos travaux. En tant que consultant, nous vous pr\u00e9senterons un entrepreneur apte \u00e0 \u00e9tablir un devis et \u00e0 r\u00e9aliser les travaux n\u00e9cessaires.<\/p>\n<h5 class=\"wp-block-heading\"><\/h5>\n<h5 class=\"wp-block-heading\">8. Transferts internationaux de donn\u00e9es<\/h5>\n<h5 class=\"wp-block-heading\"><\/h5>\n<p>Nous ne transf\u00e9rons pas vos donn\u00e9es personnelles en dehors du Royaume-Uni.<\/p>\n<h5 class=\"wp-block-heading\"><\/h5>\n<h5 class=\"wp-block-heading\">9. Droits de l'utilisateur<\/h5>\n<h5 class=\"wp-block-heading\"><\/h5>\n<p>Vous disposez des droits suivants concernant vos donn\u00e9es personnelles :<\/p>\n<p>Le droit d'acc\u00e8s \u00e0 vos donn\u00e9es<br \/>Le droit de rectifier les inexactitudes dans vos donn\u00e9es<br \/>Le droit \u00e0 l'effacement de vos donn\u00e9es (dans certaines circonstances)<br \/>Le droit de restreindre le traitement de vos donn\u00e9es<br \/>Le droit \u00e0 la portabilit\u00e9 des donn\u00e9es<br \/>Le droit de s'opposer au traitement de vos donn\u00e9es<br \/>Le droit de retirer son consentement (le cas \u00e9ch\u00e9ant)<\/p>\n<h5 class=\"wp-block-heading\">10. Consentement<\/h5>\n<p>En utilisant notre site web, vous acceptez la collecte et le traitement de vos donn\u00e9es personnelles tels que d\u00e9crits dans la pr\u00e9sente politique de confidentialit\u00e9.<\/p>\n<h5 class=\"wp-block-heading\">11. Cookies et technologies de suivi<\/h5>\n<p>Nous utilisons Google Analytics pour suivre les performances de nos campagnes de marketing. Pour plus d'informations sur la mani\u00e8re dont nous utilisons les cookies et sur la mani\u00e8re dont vous pouvez les g\u00e9rer, veuillez consulter notre Politique en mati\u00e8re de cookies.<\/p>\n<h5 class=\"wp-block-heading\">12. Mesures de s\u00e9curit\u00e9<\/h5>\n<p>Nous maintenons des mesures de s\u00e9curit\u00e9 appropri\u00e9es, y compris le cryptage SSL, pour prot\u00e9ger vos donn\u00e9es personnelles contre les acc\u00e8s non autoris\u00e9s et les violations.<\/p>\n<h5 class=\"wp-block-heading\">13. Notification des violations de donn\u00e9es<\/h5>\n<p>En cas de violation de donn\u00e9es susceptible d'affecter vos donn\u00e9es \u00e0 caract\u00e8re personnel, nous vous en informerons rapidement et prendrons toutes les mesures n\u00e9cessaires pour en att\u00e9nuer l'impact.<\/p>\n<h5 class=\"wp-block-heading\">14. Mises \u00e0 jour de la politique de confidentialit\u00e9<\/h5>\n<p>La pr\u00e9sente politique de confidentialit\u00e9 peut \u00eatre mise \u00e0 jour p\u00e9riodiquement pour refl\u00e9ter les changements dans nos pratiques de traitement des donn\u00e9es ou les exigences l\u00e9gales. La date de la derni\u00e8re mise \u00e0 jour sera indiqu\u00e9e en haut de la politique.<\/p>\n<p>Pour toute question ou pour exercer vos droits en mati\u00e8re de protection des donn\u00e9es, veuillez nous contacter \u00e0 l'adresse suivante : chris@gpt-renewables.com.<\/p>\n<h5 class=\"wp-block-heading\"><\/h5>\t\t\t\t\t\t\t\t<\/div>\n\t\t\t\t<\/div>\n\t\t\t\t\t<\/div>\n\t\t\t\t<\/div>\n\t\t\t\t<\/div>","protected":false},"excerpt":{"rendered":"<p>1. Data Controller Green Power Technologies LtdEmail: chris@gpt-renewables.com 2. Data Collection We act as the data controller for the personal [&hellip;]<\/p>\n","protected":false},"author":1,"featured_media":0,"parent":0,"menu_order":0,"comment_status":"closed","ping_status":"open","template":"","meta":{"content-type":"","_monsterinsights_skip_tracking":false,"_monsterinsights_sitenote_active":false,"_monsterinsights_sitenote_note":"","_monsterinsights_sitenote_category":0,"_uf_show_specific_survey":0,"_uf_disable_surveys":false,"site-sidebar-layout":"default","site-content-layout":"","ast-site-content-layout":"default","site-content-style":"default","site-sidebar-style":"default","ast-global-header-display":"","ast-banner-title-visibility":"","ast-main-header-display":"","ast-hfb-above-header-display":"","ast-hfb-below-header-display":"","ast-hfb-mobile-header-display":"","site-post-title":"","ast-breadcrumbs-content":"","ast-featured-img":"","footer-sml-layout":"","ast-disable-related-posts":"","theme-transparent-header-meta":"","adv-header-id-meta":"","stick-header-meta":"","header-above-stick-meta":"","header-main-stick-meta":"","header-below-stick-meta":"","astra-migrate-meta-layouts":"default","ast-page-background-enabled":"default","ast-page-background-meta":{"desktop":{"background-color":"","background-image":"","background-repeat":"repeat","background-position":"center center","background-size":"auto","background-attachment":"scroll","background-type":"","background-media":"","overlay-type":"","overlay-color":"","overlay-opacity":"","overlay-gradient":""},"tablet":{"background-color":"","background-image":"","background-repeat":"repeat","background-position":"center center","background-size":"auto","background-attachment":"scroll","background-type":"","background-media":"","overlay-type":"","overlay-color":"","overlay-opacity":"","overlay-gradient":""},"mobile":{"background-color":"","background-image":"","background-repeat":"repeat","background-position":"center center","background-size":"auto","background-attachment":"scroll","background-type":"","background-media":"","overlay-type":"","overlay-color":"","overlay-opacity":"","overlay-gradient":""}},"ast-content-background-meta":{"desktop":{"background-color":"var(--ast-global-color-5)","background-image":"","background-repeat":"repeat","background-position":"center center","background-size":"auto","background-attachment":"scroll","background-type":"","background-media":"","overlay-type":"","overlay-color":"","overlay-opacity":"","overlay-gradient":""},"tablet":{"background-color":"var(--ast-global-color-5)","background-image":"","background-repeat":"repeat","background-position":"center center","background-size":"auto","background-attachment":"scroll","background-type":"","background-media":"","overlay-type":"","overlay-color":"","overlay-opacity":"","overlay-gradient":""},"mobile":{"background-color":"var(--ast-global-color-5)","background-image":"","background-repeat":"repeat","background-position":"center center","background-size":"auto","background-attachment":"scroll","background-type":"","background-media":"","overlay-type":"","overlay-color":"","overlay-opacity":"","overlay-gradient":""}},"footnotes":""},"folder":[29],"class_list":["post-3","page","type-page","status-publish","hentry"],"aioseo_notices":[],"_links":{"self":[{"href":"https:\/\/gpt-renewables.com\/fr\/wp-json\/wp\/v2\/pages\/3","targetHints":{"allow":["GET"]}}],"collection":[{"href":"https:\/\/gpt-renewables.com\/fr\/wp-json\/wp\/v2\/pages"}],"about":[{"href":"https:\/\/gpt-renewables.com\/fr\/wp-json\/wp\/v2\/types\/page"}],"author":[{"embeddable":true,"href":"https:\/\/gpt-renewables.com\/fr\/wp-json\/wp\/v2\/users\/1"}],"replies":[{"embeddable":true,"href":"https:\/\/gpt-renewables.com\/fr\/wp-json\/wp\/v2\/comments?post=3"}],"version-history":[{"count":3,"href":"https:\/\/gpt-renewables.com\/fr\/wp-json\/wp\/v2\/pages\/3\/revisions"}],"predecessor-version":[{"id":3187,"href":"https:\/\/gpt-renewables.com\/fr\/wp-json\/wp\/v2\/pages\/3\/revisions\/3187"}],"wp:attachment":[{"href":"https:\/\/gpt-renewables.com\/fr\/wp-json\/wp\/v2\/media?parent=3"}],"wp:term":[{"taxonomy":"folder","embeddable":true,"href":"https:\/\/gpt-renewables.com\/fr\/wp-json\/wp\/v2\/folder?post=3"}],"curies":[{"name":"wp","href":"https:\/\/api.w.org\/{rel}","templated":true}]}}