{"id":1404,"date":"2023-10-02T16:37:15","date_gmt":"2023-10-02T15:37:15","guid":{"rendered":"https:\/\/gpt-renewables.com\/?page_id=1404"},"modified":"2024-12-02T14:42:49","modified_gmt":"2024-12-02T14:42:49","slug":"conditions-generales","status":"publish","type":"page","link":"https:\/\/gpt-renewables.com\/fr\/terms-and-conditions\/","title":{"rendered":"Conditions g\u00e9n\u00e9rales d'utilisation"},"content":{"rendered":"<div data-elementor-type=\"wp-page\" data-elementor-id=\"1404\" class=\"elementor elementor-1404\" data-elementor-settings=\"{&quot;element_pack_global_tooltip_width&quot;:{&quot;unit&quot;:&quot;px&quot;,&quot;size&quot;:&quot;&quot;,&quot;sizes&quot;:[]},&quot;element_pack_global_tooltip_width_tablet&quot;:{&quot;unit&quot;:&quot;px&quot;,&quot;size&quot;:&quot;&quot;,&quot;sizes&quot;:[]},&quot;element_pack_global_tooltip_width_mobile&quot;:{&quot;unit&quot;:&quot;px&quot;,&quot;size&quot;:&quot;&quot;,&quot;sizes&quot;:[]},&quot;element_pack_global_tooltip_padding&quot;:{&quot;unit&quot;:&quot;px&quot;,&quot;top&quot;:&quot;&quot;,&quot;right&quot;:&quot;&quot;,&quot;bottom&quot;:&quot;&quot;,&quot;left&quot;:&quot;&quot;,&quot;isLinked&quot;:true},&quot;element_pack_global_tooltip_padding_tablet&quot;:{&quot;unit&quot;:&quot;px&quot;,&quot;top&quot;:&quot;&quot;,&quot;right&quot;:&quot;&quot;,&quot;bottom&quot;:&quot;&quot;,&quot;left&quot;:&quot;&quot;,&quot;isLinked&quot;:true},&quot;element_pack_global_tooltip_padding_mobile&quot;:{&quot;unit&quot;:&quot;px&quot;,&quot;top&quot;:&quot;&quot;,&quot;right&quot;:&quot;&quot;,&quot;bottom&quot;:&quot;&quot;,&quot;left&quot;:&quot;&quot;,&quot;isLinked&quot;:true},&quot;element_pack_global_tooltip_border_radius&quot;:{&quot;unit&quot;:&quot;px&quot;,&quot;top&quot;:&quot;&quot;,&quot;right&quot;:&quot;&quot;,&quot;bottom&quot;:&quot;&quot;,&quot;left&quot;:&quot;&quot;,&quot;isLinked&quot;:true},&quot;element_pack_global_tooltip_border_radius_tablet&quot;:{&quot;unit&quot;:&quot;px&quot;,&quot;top&quot;:&quot;&quot;,&quot;right&quot;:&quot;&quot;,&quot;bottom&quot;:&quot;&quot;,&quot;left&quot;:&quot;&quot;,&quot;isLinked&quot;:true},&quot;element_pack_global_tooltip_border_radius_mobile&quot;:{&quot;unit&quot;:&quot;px&quot;,&quot;top&quot;:&quot;&quot;,&quot;right&quot;:&quot;&quot;,&quot;bottom&quot;:&quot;&quot;,&quot;left&quot;:&quot;&quot;,&quot;isLinked&quot;:true}}\" data-elementor-post-type=\"page\">\n\t\t\t\t<div data-particle_enable=\"false\" data-particle-mobile-disabled=\"false\" class=\"elementor-element elementor-element-7a06751e e-flex e-con-boxed e-con e-parent\" data-id=\"7a06751e\" data-element_type=\"container\" data-e-type=\"container\">\n\t\t\t\t\t<div class=\"e-con-inner\">\n\t\t\t\t<div class=\"elementor-element elementor-element-601616ae elementor-widget elementor-widget-text-editor\" data-id=\"601616ae\" data-element_type=\"widget\" data-e-type=\"widget\" data-widget_type=\"text-editor.default\">\n\t\t\t\t<div class=\"elementor-widget-container\">\n\t\t\t\t\t\t\t\t\t\n<p><strong>1. Acceptation des conditions<\/strong><\/p>\n<p>En acc\u00e9dant et en utilisant le site web de <strong>Green Power Technologies (UK) Ltd<\/strong> (\"GPT\", \"nous\", \"notre\" ou \"nos\"), vous acceptez de respecter et d'\u00eatre li\u00e9 par les pr\u00e9sentes conditions g\u00e9n\u00e9rales. Si vous n'acceptez pas ces conditions, veuillez vous abstenir d'utiliser notre site web.<\/p>\n<p><strong>2. Modifications des conditions<\/strong><\/p>\n<p>GPT se r\u00e9serve le droit de modifier ou de r\u00e9viser les pr\u00e9sentes conditions \u00e0 tout moment et sans pr\u00e9avis. En continuant \u00e0 utiliser le site web apr\u00e8s toute modification, vous indiquez que vous acceptez ces modifications.<\/p>\n<p><strong>3. Utilisation du site web<\/strong><\/p>\n<p>a. Vous acceptez d'utiliser notre site web \u00e0 des fins l\u00e9gales uniquement et d'une mani\u00e8re conforme \u00e0 toutes les lois et r\u00e9glementations applicables.<\/p>\n<p>b. Vous ne pouvez pas utiliser notre site web d'une mani\u00e8re susceptible de nuire, de d\u00e9sactiver, de surcharger ou d'alt\u00e9rer nos services ou d'interf\u00e9rer avec l'utilisation du site par d'autres utilisateurs.<\/p>\n<p><strong>4. Propri\u00e9t\u00e9 intellectuelle<\/strong><\/p>\n<p>a. Tout le contenu de ce site, y compris, mais sans s'y limiter, les textes, les graphiques, les logos, les images, les clips audio et les logiciels, est la propri\u00e9t\u00e9 de GPT ou de ses conc\u00e9dants de licence et est prot\u00e9g\u00e9 par le droit d'auteur et d'autres lois sur la propri\u00e9t\u00e9 intellectuelle.<\/p>\n<p>b. Il est interdit de reproduire, distribuer, modifier ou republier tout contenu de ce site web sans l'accord \u00e9crit pr\u00e9alable de GPT.<\/p>\n<p><strong>5. Respect de la vie priv\u00e9e<\/strong><\/p>\n<p>Notre politique de confidentialit\u00e9, disponible sur ce site web, explique comment nous collectons, utilisons et prot\u00e9geons vos informations personnelles. En utilisant notre site web, vous acceptez nos pratiques en mati\u00e8re de protection de la vie priv\u00e9e telles qu'elles sont d\u00e9crites dans la politique de confidentialit\u00e9.<\/p>\n<p><strong>6. Liens vers des sites web de tiers<\/strong><\/p>\n<p>Ce site web peut contenir des liens vers des sites web de tiers pour votre commodit\u00e9. GPT n'approuve pas le contenu ou les pratiques de ces sites tiers et n'en assume pas la responsabilit\u00e9. Vous acc\u00e9dez \u00e0 ces sites \u00e0 vos propres risques.<\/p>\n<p><strong>7. Exclusion de garantie<\/strong><\/p>\n<p>a. Les informations fournies sur ce site web le sont \u00e0 titre d'information g\u00e9n\u00e9rale uniquement. GPT ne garantit pas l'exactitude, l'exhaustivit\u00e9 ou la fiabilit\u00e9 du contenu.<\/p>\n<p>b. GPT d\u00e9cline toute garantie, expresse ou implicite, y compris, mais sans s'y limiter, les garanties de qualit\u00e9 marchande, d'ad\u00e9quation \u00e0 un usage particulier et d'absence de contrefa\u00e7on.<\/p>\n<p><strong>8. Limitation de la responsabilit\u00e9<\/strong><\/p>\n<p>En aucun cas, GPT ne sera responsable des dommages directs, indirects, accessoires, sp\u00e9ciaux ou cons\u00e9cutifs d\u00e9coulant de l'utilisation de ce site web ou de son contenu, ou li\u00e9s \u00e0 ceux-ci.<\/p>\n<p><strong>9. Droit applicable et juridiction<\/strong><\/p>\n<p>Les pr\u00e9sentes conditions g\u00e9n\u00e9rales sont r\u00e9gies et interpr\u00e9t\u00e9es conform\u00e9ment aux lois du Royaume-Uni. Tout litige li\u00e9 \u00e0 ces conditions ou \u00e0 votre utilisation du site web sera soumis \u00e0 la juridiction exclusive des tribunaux du Royaume-Uni.<\/p>\n<p><strong>10. Informations sur les contacts<\/strong><\/p>\n<p>Si vous avez des questions ou des pr\u00e9occupations concernant les pr\u00e9sentes conditions g\u00e9n\u00e9rales, veuillez nous contacter \u00e0 l'adresse suivante<\/p>\n<p>info@gpt-renewables.com<\/p>\n<p><strong>11. Int\u00e9gralit\u00e9 de l'accord<\/strong><\/p>\n<p>Les pr\u00e9sentes conditions g\u00e9n\u00e9rales constituent l'int\u00e9gralit\u00e9 de l'accord entre vous et GPT concernant votre utilisation du site web et remplacent tous les accords ou arrangements ant\u00e9rieurs, qu'ils soient \u00e9crits ou oraux.<\/p>\n<h5 class=\"wp-block-heading\"><\/h5>\t\t\t\t\t\t\t\t<\/div>\n\t\t\t\t<\/div>\n\t\t\t\t\t<\/div>\n\t\t\t\t<\/div>\n\t\t\t\t<\/div>","protected":false},"excerpt":{"rendered":"<p>1. Acceptance of Terms By accessing and using the website of Green Power Technologies (UK) Ltd (&#8220;GPT,&#8221; &#8220;we,&#8221; &#8220;our,&#8221; or [&hellip;]<\/p>\n","protected":false},"author":1,"featured_media":0,"parent":0,"menu_order":0,"comment_status":"closed","ping_status":"closed","template":"","meta":{"content-type":"","_monsterinsights_skip_tracking":false,"_monsterinsights_sitenote_active":false,"_monsterinsights_sitenote_note":"","_monsterinsights_sitenote_category":0,"_uf_show_specific_survey":0,"_uf_disable_surveys":false,"site-sidebar-layout":"default","site-content-layout":"","ast-site-content-layout":"default","site-content-style":"default","site-sidebar-style":"default","ast-global-header-display":"","ast-banner-title-visibility":"","ast-main-header-display":"","ast-hfb-above-header-display":"","ast-hfb-below-header-display":"","ast-hfb-mobile-header-display":"","site-post-title":"","ast-breadcrumbs-content":"","ast-featured-img":"","footer-sml-layout":"","ast-disable-related-posts":"","theme-transparent-header-meta":"","adv-header-id-meta":"","stick-header-meta":"","header-above-stick-meta":"","header-main-stick-meta":"","header-below-stick-meta":"","astra-migrate-meta-layouts":"set","ast-page-background-enabled":"default","ast-page-background-meta":{"desktop":{"background-color":"","background-image":"","background-repeat":"repeat","background-position":"center center","background-size":"auto","background-attachment":"scroll","background-type":"","background-media":"","overlay-type":"","overlay-color":"","overlay-opacity":"","overlay-gradient":""},"tablet":{"background-color":"","background-image":"","background-repeat":"repeat","background-position":"center center","background-size":"auto","background-attachment":"scroll","background-type":"","background-media":"","overlay-type":"","overlay-color":"","overlay-opacity":"","overlay-gradient":""},"mobile":{"background-color":"","background-image":"","background-repeat":"repeat","background-position":"center center","background-size":"auto","background-attachment":"scroll","background-type":"","background-media":"","overlay-type":"","overlay-color":"","overlay-opacity":"","overlay-gradient":""}},"ast-content-background-meta":{"desktop":{"background-color":"var(--ast-global-color-5)","background-image":"","background-repeat":"repeat","background-position":"center center","background-size":"auto","background-attachment":"scroll","background-type":"","background-media":"","overlay-type":"","overlay-color":"","overlay-opacity":"","overlay-gradient":""},"tablet":{"background-color":"var(--ast-global-color-5)","background-image":"","background-repeat":"repeat","background-position":"center center","background-size":"auto","background-attachment":"scroll","background-type":"","background-media":"","overlay-type":"","overlay-color":"","overlay-opacity":"","overlay-gradient":""},"mobile":{"background-color":"var(--ast-global-color-5)","background-image":"","background-repeat":"repeat","background-position":"center center","background-size":"auto","background-attachment":"scroll","background-type":"","background-media":"","overlay-type":"","overlay-color":"","overlay-opacity":"","overlay-gradient":""}},"footnotes":""},"folder":[29],"class_list":["post-1404","page","type-page","status-publish","hentry"],"aioseo_notices":[],"_links":{"self":[{"href":"https:\/\/gpt-renewables.com\/fr\/wp-json\/wp\/v2\/pages\/1404","targetHints":{"allow":["GET"]}}],"collection":[{"href":"https:\/\/gpt-renewables.com\/fr\/wp-json\/wp\/v2\/pages"}],"about":[{"href":"https:\/\/gpt-renewables.com\/fr\/wp-json\/wp\/v2\/types\/page"}],"author":[{"embeddable":true,"href":"https:\/\/gpt-renewables.com\/fr\/wp-json\/wp\/v2\/users\/1"}],"replies":[{"embeddable":true,"href":"https:\/\/gpt-renewables.com\/fr\/wp-json\/wp\/v2\/comments?post=1404"}],"version-history":[{"count":3,"href":"https:\/\/gpt-renewables.com\/fr\/wp-json\/wp\/v2\/pages\/1404\/revisions"}],"predecessor-version":[{"id":3193,"href":"https:\/\/gpt-renewables.com\/fr\/wp-json\/wp\/v2\/pages\/1404\/revisions\/3193"}],"wp:attachment":[{"href":"https:\/\/gpt-renewables.com\/fr\/wp-json\/wp\/v2\/media?parent=1404"}],"wp:term":[{"taxonomy":"folder","embeddable":true,"href":"https:\/\/gpt-renewables.com\/fr\/wp-json\/wp\/v2\/folder?post=1404"}],"curies":[{"name":"wp","href":"https:\/\/api.w.org\/{rel}","templated":true}]}}