{"id":1073,"date":"2023-09-25T12:53:09","date_gmt":"2023-09-25T11:53:09","guid":{"rendered":"https:\/\/gpt-renewables.com\/?page_id=1073"},"modified":"2024-12-02T14:42:10","modified_gmt":"2024-12-02T14:42:10","slug":"politique-en-matiere-de-cookies","status":"publish","type":"page","link":"https:\/\/gpt-renewables.com\/fr\/cookie-policy\/","title":{"rendered":"Politique en mati\u00e8re de cookies"},"content":{"rendered":"<div data-elementor-type=\"wp-page\" data-elementor-id=\"1073\" class=\"elementor elementor-1073\" data-elementor-settings=\"{&quot;element_pack_global_tooltip_width&quot;:{&quot;unit&quot;:&quot;px&quot;,&quot;size&quot;:&quot;&quot;,&quot;sizes&quot;:[]},&quot;element_pack_global_tooltip_width_tablet&quot;:{&quot;unit&quot;:&quot;px&quot;,&quot;size&quot;:&quot;&quot;,&quot;sizes&quot;:[]},&quot;element_pack_global_tooltip_width_mobile&quot;:{&quot;unit&quot;:&quot;px&quot;,&quot;size&quot;:&quot;&quot;,&quot;sizes&quot;:[]},&quot;element_pack_global_tooltip_padding&quot;:{&quot;unit&quot;:&quot;px&quot;,&quot;top&quot;:&quot;&quot;,&quot;right&quot;:&quot;&quot;,&quot;bottom&quot;:&quot;&quot;,&quot;left&quot;:&quot;&quot;,&quot;isLinked&quot;:true},&quot;element_pack_global_tooltip_padding_tablet&quot;:{&quot;unit&quot;:&quot;px&quot;,&quot;top&quot;:&quot;&quot;,&quot;right&quot;:&quot;&quot;,&quot;bottom&quot;:&quot;&quot;,&quot;left&quot;:&quot;&quot;,&quot;isLinked&quot;:true},&quot;element_pack_global_tooltip_padding_mobile&quot;:{&quot;unit&quot;:&quot;px&quot;,&quot;top&quot;:&quot;&quot;,&quot;right&quot;:&quot;&quot;,&quot;bottom&quot;:&quot;&quot;,&quot;left&quot;:&quot;&quot;,&quot;isLinked&quot;:true},&quot;element_pack_global_tooltip_border_radius&quot;:{&quot;unit&quot;:&quot;px&quot;,&quot;top&quot;:&quot;&quot;,&quot;right&quot;:&quot;&quot;,&quot;bottom&quot;:&quot;&quot;,&quot;left&quot;:&quot;&quot;,&quot;isLinked&quot;:true},&quot;element_pack_global_tooltip_border_radius_tablet&quot;:{&quot;unit&quot;:&quot;px&quot;,&quot;top&quot;:&quot;&quot;,&quot;right&quot;:&quot;&quot;,&quot;bottom&quot;:&quot;&quot;,&quot;left&quot;:&quot;&quot;,&quot;isLinked&quot;:true},&quot;element_pack_global_tooltip_border_radius_mobile&quot;:{&quot;unit&quot;:&quot;px&quot;,&quot;top&quot;:&quot;&quot;,&quot;right&quot;:&quot;&quot;,&quot;bottom&quot;:&quot;&quot;,&quot;left&quot;:&quot;&quot;,&quot;isLinked&quot;:true}}\" data-elementor-post-type=\"page\">\n\t\t\t\t<div data-particle_enable=\"false\" data-particle-mobile-disabled=\"false\" class=\"elementor-element elementor-element-7a06751e e-flex e-con-boxed e-con e-parent\" data-id=\"7a06751e\" data-element_type=\"container\" data-e-type=\"container\">\n\t\t\t\t\t<div class=\"e-con-inner\">\n\t\t\t\t<div class=\"elementor-element elementor-element-601616ae elementor-widget elementor-widget-text-editor\" data-id=\"601616ae\" data-element_type=\"widget\" data-e-type=\"widget\" data-widget_type=\"text-editor.default\">\n\t\t\t\t<div class=\"elementor-widget-container\">\n\t\t\t\t\t\t\t\t\t\n<p>Derni\u00e8re mise \u00e0 jour : 25\/09\/23<\/p>\n<h5 class=\"wp-block-heading\">1. Qu'est-ce qu'un cookie ?<br \/><\/h5>\n<p>Les cookies sont de petits fichiers texte qui sont stock\u00e9s sur votre ordinateur ou votre appareil mobile lorsque vous visitez un site web. Ils aident les sites web \u00e0 m\u00e9moriser vos pr\u00e9f\u00e9rences et \u00e0 am\u00e9liorer votre exp\u00e9rience de navigation. Les cookies peuvent \u00eatre des cookies de session, qui sont supprim\u00e9s lorsque vous fermez votre navigateur, ou des cookies persistants, qui restent sur votre appareil pendant une p\u00e9riode d\u00e9termin\u00e9e ou jusqu'\u00e0 ce que vous les supprimiez.<\/p>\n<h5 class=\"wp-block-heading\"><\/h5>\n<h5 class=\"wp-block-heading\">2. Comment nous utilisons les cookies<\/h5>\n<h5 class=\"wp-block-heading\"><\/h5>\n<p>Green Power Technologies Ltd (\"nous\", \"notre\" ou \"nos\") utilise des cookies \u00e0 diverses fins, notamment :<\/p>\n<p>Cookies essentiels : Ces cookies sont n\u00e9cessaires \u00e0 la fonctionnalit\u00e9 de base de notre site web. Ils vous permettent de naviguer sur le site et d'utiliser ses fonctions, comme l'acc\u00e8s aux zones s\u00e9curis\u00e9es.<\/p>\n<p>Cookies de performance et d'analyse : Nous utilisons des cookies pour comprendre comment les visiteurs interagissent avec notre site web. Ces informations nous aident \u00e0 am\u00e9liorer les performances de notre site et l'exp\u00e9rience des utilisateurs. Nous pouvons utiliser des outils d'analyse tiers tels que Google Analytics \u00e0 cette fin.<\/p>\n<p>Cookies de fonctionnalit\u00e9 : Ces cookies nous permettent de m\u00e9moriser vos pr\u00e9f\u00e9rences, telles que la langue ou la r\u00e9gion s\u00e9lectionn\u00e9e, afin de vous offrir une exp\u00e9rience plus personnalis\u00e9e.<\/p>\n<p>Cookies publicitaires : Nous pouvons utiliser des cookies pour proposer des publicit\u00e9s personnalis\u00e9es en fonction de votre comportement de navigation et de vos centres d'int\u00e9r\u00eat. Ces cookies sont utilis\u00e9s par nos partenaires publicitaires.<\/p>\n<h5 class=\"wp-block-heading\"><\/h5>\n<h5 class=\"wp-block-heading\"><\/h5>\n<h5 class=\"wp-block-heading\">3. Cookies de tiers<\/h5>\n<h5 class=\"wp-block-heading\"><\/h5>\n<p>Certaines de nos pages web peuvent contenir du contenu ou des services fournis par des tiers, tels que des boutons de m\u00e9dias sociaux ou des vid\u00e9os int\u00e9gr\u00e9es. Ces tiers peuvent placer des cookies sur votre appareil et peuvent avoir leur propre politique en mati\u00e8re de cookies qui s'applique \u00e0 leurs services. Nous n'avons aucun contr\u00f4le sur ces cookies.<\/p>\n<h5 class=\"wp-block-heading\"><\/h5>\n<h5 class=\"wp-block-heading\">4. Gestion des cookies<\/h5>\n<h5 class=\"wp-block-heading\"><\/h5>\n<p>Vous pouvez g\u00e9rer ou d\u00e9sactiver les cookies par le biais des param\u00e8tres de votre navigateur. Veuillez noter que la d\u00e9sactivation de certains cookies peut affecter la fonctionnalit\u00e9 et l'exp\u00e9rience utilisateur de notre site web. Vous trouverez g\u00e9n\u00e9ralement les param\u00e8tres des cookies dans le menu \"Options\" ou \"Pr\u00e9f\u00e9rences\" de votre navigateur.<\/p>\n<p>Pour Google Analytics en particulier, vous pouvez vous d\u00e9sinscrire en installant le module compl\u00e9mentaire de navigateur pour la d\u00e9sactivation de Google Analytics, disponible \u00e0 l'adresse https:\/\/tools.google.com\/dlpage\/gaoptout.<\/p>\n<h5 class=\"wp-block-heading\"><\/h5>\n<h5 class=\"wp-block-heading\">5. Modifications de la pr\u00e9sente politique en mati\u00e8re de cookies<\/h5>\n<h5 class=\"wp-block-heading\"><\/h5>\n<p>Nous pouvons mettre \u00e0 jour la pr\u00e9sente politique en mati\u00e8re de cookies pour refl\u00e9ter des changements dans notre utilisation des cookies ou des exigences l\u00e9gales. Lorsque nous apportons des modifications, la politique mise \u00e0 jour est publi\u00e9e sur cette page avec la date de la \"derni\u00e8re mise \u00e0 jour\".<\/p>\n<h5 class=\"wp-block-heading\"><\/h5>\n<h5 class=\"wp-block-heading\">6. Nous contacter<\/h5>\n<h5 class=\"wp-block-heading\"><\/h5>\n<p>Si vous avez des questions sur notre utilisation des cookies ou sur la pr\u00e9sente politique en mati\u00e8re de cookies, veuillez nous contacter \u00e0 l'adresse suivante :<\/p>\n<p>Green Power Technologies Ltd<br \/>Courriel : chris@gpt-renewables.com<\/p>\n<h5 class=\"wp-block-heading\"><\/h5>\t\t\t\t\t\t\t\t<\/div>\n\t\t\t\t<\/div>\n\t\t\t\t\t<\/div>\n\t\t\t\t<\/div>\n\t\t\t\t<\/div>","protected":false},"excerpt":{"rendered":"<p>Last Updated: 25\/09\/23 1. What Are Cookies? Cookies are small text files that are stored on your computer or mobile [&hellip;]<\/p>\n","protected":false},"author":2,"featured_media":0,"parent":0,"menu_order":0,"comment_status":"closed","ping_status":"open","template":"","meta":{"content-type":"","_monsterinsights_skip_tracking":false,"_monsterinsights_sitenote_active":false,"_monsterinsights_sitenote_note":"","_monsterinsights_sitenote_category":0,"_uf_show_specific_survey":0,"_uf_disable_surveys":false,"site-sidebar-layout":"default","site-content-layout":"","ast-site-content-layout":"default","site-content-style":"default","site-sidebar-style":"default","ast-global-header-display":"","ast-banner-title-visibility":"","ast-main-header-display":"","ast-hfb-above-header-display":"","ast-hfb-below-header-display":"","ast-hfb-mobile-header-display":"","site-post-title":"","ast-breadcrumbs-content":"","ast-featured-img":"","footer-sml-layout":"","ast-disable-related-posts":"","theme-transparent-header-meta":"","adv-header-id-meta":"","stick-header-meta":"","header-above-stick-meta":"","header-main-stick-meta":"","header-below-stick-meta":"","astra-migrate-meta-layouts":"set","ast-page-background-enabled":"default","ast-page-background-meta":{"desktop":{"background-color":"","background-image":"","background-repeat":"repeat","background-position":"center center","background-size":"auto","background-attachment":"scroll","background-type":"","background-media":"","overlay-type":"","overlay-color":"","overlay-opacity":"","overlay-gradient":""},"tablet":{"background-color":"","background-image":"","background-repeat":"repeat","background-position":"center center","background-size":"auto","background-attachment":"scroll","background-type":"","background-media":"","overlay-type":"","overlay-color":"","overlay-opacity":"","overlay-gradient":""},"mobile":{"background-color":"","background-image":"","background-repeat":"repeat","background-position":"center center","background-size":"auto","background-attachment":"scroll","background-type":"","background-media":"","overlay-type":"","overlay-color":"","overlay-opacity":"","overlay-gradient":""}},"ast-content-background-meta":{"desktop":{"background-color":"var(--ast-global-color-5)","background-image":"","background-repeat":"repeat","background-position":"center center","background-size":"auto","background-attachment":"scroll","background-type":"","background-media":"","overlay-type":"","overlay-color":"","overlay-opacity":"","overlay-gradient":""},"tablet":{"background-color":"var(--ast-global-color-5)","background-image":"","background-repeat":"repeat","background-position":"center center","background-size":"auto","background-attachment":"scroll","background-type":"","background-media":"","overlay-type":"","overlay-color":"","overlay-opacity":"","overlay-gradient":""},"mobile":{"background-color":"var(--ast-global-color-5)","background-image":"","background-repeat":"repeat","background-position":"center center","background-size":"auto","background-attachment":"scroll","background-type":"","background-media":"","overlay-type":"","overlay-color":"","overlay-opacity":"","overlay-gradient":""}},"footnotes":""},"folder":[29],"class_list":["post-1073","page","type-page","status-publish","hentry"],"aioseo_notices":[],"_links":{"self":[{"href":"https:\/\/gpt-renewables.com\/fr\/wp-json\/wp\/v2\/pages\/1073","targetHints":{"allow":["GET"]}}],"collection":[{"href":"https:\/\/gpt-renewables.com\/fr\/wp-json\/wp\/v2\/pages"}],"about":[{"href":"https:\/\/gpt-renewables.com\/fr\/wp-json\/wp\/v2\/types\/page"}],"author":[{"embeddable":true,"href":"https:\/\/gpt-renewables.com\/fr\/wp-json\/wp\/v2\/users\/2"}],"replies":[{"embeddable":true,"href":"https:\/\/gpt-renewables.com\/fr\/wp-json\/wp\/v2\/comments?post=1073"}],"version-history":[{"count":3,"href":"https:\/\/gpt-renewables.com\/fr\/wp-json\/wp\/v2\/pages\/1073\/revisions"}],"predecessor-version":[{"id":3190,"href":"https:\/\/gpt-renewables.com\/fr\/wp-json\/wp\/v2\/pages\/1073\/revisions\/3190"}],"wp:attachment":[{"href":"https:\/\/gpt-renewables.com\/fr\/wp-json\/wp\/v2\/media?parent=1073"}],"wp:term":[{"taxonomy":"folder","embeddable":true,"href":"https:\/\/gpt-renewables.com\/fr\/wp-json\/wp\/v2\/folder?post=1073"}],"curies":[{"name":"wp","href":"https:\/\/api.w.org\/{rel}","templated":true}]}}